{"id":1266,"date":"2023-10-11T20:58:08","date_gmt":"2023-10-11T20:58:08","guid":{"rendered":"https:\/\/305markets.com\/?page_id=1266"},"modified":"2024-01-08T12:27:11","modified_gmt":"2024-01-08T12:27:11","slug":"faq-como-depositar-no-binance","status":"publish","type":"page","link":"https:\/\/305markets.com\/es\/faq-como-depositar-no-binance\/","title":{"rendered":"FAQ &#8211; Como depositar no Binance"},"content":{"rendered":"<div data-elementor-type=\"wp-page\" data-elementor-id=\"1266\" class=\"elementor elementor-1266\" data-elementor-post-type=\"page\">\n\t\t\t\t<div class=\"elementor-element elementor-element-1d15787 e-flex e-con-boxed e-con e-parent\" data-id=\"1d15787\" data-element_type=\"container\">\n\t\t\t\t\t<div class=\"e-con-inner\">\n\t\t<div class=\"elementor-element elementor-element-6b5a410 e-con-full e-flex e-con e-child\" data-id=\"6b5a410\" data-element_type=\"container\" data-settings=\"{&quot;background_background&quot;:&quot;classic&quot;}\">\n\t\t\t\t<div class=\"elementor-element elementor-element-f66abee elementor-nav-menu--dropdown-none elementor-widget elementor-widget-nav-menu\" data-id=\"f66abee\" data-element_type=\"widget\" data-settings=\"{&quot;layout&quot;:&quot;vertical&quot;,&quot;sticky&quot;:&quot;top&quot;,&quot;sticky_offset&quot;:100,&quot;sticky_parent&quot;:&quot;yes&quot;,&quot;submenu_icon&quot;:{&quot;value&quot;:&quot;&lt;svg class=\\&quot;e-font-icon-svg e-fas-caret-down\\&quot; viewBox=\\&quot;0 0 320 512\\&quot; xmlns=\\&quot;http:\\\/\\\/www.w3.org\\\/2000\\\/svg\\&quot;&gt;&lt;path d=\\&quot;M31.3 192h257.3c17.8 0 26.7 21.5 14.1 34.1L174.1 354.8c-7.8 7.8-20.5 7.8-28.3 0L17.2 226.1C4.6 213.5 13.5 192 31.3 192z\\&quot;&gt;&lt;\\\/path&gt;&lt;\\\/svg&gt;&quot;,&quot;library&quot;:&quot;fa-solid&quot;},&quot;sticky_on&quot;:[&quot;desktop&quot;,&quot;laptop&quot;,&quot;tablet&quot;,&quot;mobile&quot;],&quot;sticky_effects_offset&quot;:0,&quot;sticky_anchor_link_offset&quot;:0}\" data-widget_type=\"nav-menu.default\">\n\t\t\t\t<div class=\"elementor-widget-container\">\n\t\t\t\t\t\t\t\t<nav aria-label=\"Menu\" class=\"elementor-nav-menu--main elementor-nav-menu__container elementor-nav-menu--layout-vertical e--pointer-underline e--animation-fade\">\n\t\t\t\t<ul id=\"menu-1-f66abee\" class=\"elementor-nav-menu sm-vertical\"><li class=\"menu-item menu-item-type-post_type menu-item-object-page menu-item-1291\"><a href=\"https:\/\/305markets.com\/es\/faq-cadastro-na-305-markets\/\" class=\"elementor-item\">Cadastro na 305 Markets<\/a><\/li>\n<li class=\"menu-item menu-item-type-post_type menu-item-object-page menu-item-1289\"><a href=\"https:\/\/305markets.com\/es\/faq-aprovacao-kyc\/\" class=\"elementor-item\">Aprova\u00e7\u00e3o KYC<\/a><\/li>\n<li class=\"menu-item menu-item-type-post_type menu-item-object-page menu-item-1287\"><a href=\"https:\/\/305markets.com\/es\/faq-como-fazer-depositos\/\" class=\"elementor-item\">Dep\u00f3sitos na Plataforma<\/a><\/li>\n<li class=\"menu-item menu-item-type-post_type menu-item-object-page menu-item-1284\"><a href=\"https:\/\/305markets.com\/es\/faq-depositando-dinheiro-pelo-celular\/\" class=\"elementor-item\">Dep\u00f3sitos pelo celular<\/a><\/li>\n<li class=\"menu-item menu-item-type-post_type menu-item-object-page menu-item-1285\"><a href=\"https:\/\/305markets.com\/es\/faq-operacao-conta-propria\/\" class=\"elementor-item\">Opera\u00e7\u00e3o por Conta Pr\u00f3pria<\/a><\/li>\n<li class=\"menu-item menu-item-type-post_type menu-item-object-page menu-item-1290\"><a href=\"https:\/\/305markets.com\/es\/faq-operacoes-mam\/\" class=\"elementor-item\">Opera\u00e7\u00f5es MAM<\/a><\/li>\n<li class=\"menu-item menu-item-type-post_type menu-item-object-page menu-item-1281\"><a href=\"https:\/\/305markets.com\/es\/faq-transferencia-e-saques\/\" class=\"elementor-item\">Transfer\u00eancia e Saques<\/a><\/li>\n<li class=\"menu-item menu-item-type-post_type menu-item-object-page menu-item-1282\"><a href=\"https:\/\/305markets.com\/es\/faq-historico-das-operacoes\/\" class=\"elementor-item\">Hist\u00f3rico\u00a0das\u00a0Opera\u00e7\u00f5es<\/a><\/li>\n<li class=\"menu-item menu-item-type-post_type menu-item-object-page menu-item-1283\"><a href=\"https:\/\/305markets.com\/es\/faq-trocando-o-seu-dinheiro-por-usdt\/\" class=\"elementor-item\">Trocando dinheiro por USDT<\/a><\/li>\n<li class=\"menu-item menu-item-type-post_type menu-item-object-page menu-item-1288\"><a href=\"https:\/\/305markets.com\/es\/faq-como-depositar-no-binance\/\" class=\"elementor-item\">Dep\u00f3sito no Binance<\/a><\/li>\n<li class=\"menu-item menu-item-type-post_type menu-item-object-page menu-item-1286\"><a href=\"https:\/\/305markets.com\/es\/faq-como-fazer-o-cadastro-no-binance\/\" class=\"elementor-item\">Cadastro no Binance<\/a><\/li>\n<li class=\"menu-item menu-item-type-post_type menu-item-object-page menu-item-1365\"><a href=\"https:\/\/305markets.com\/es\/faq-como-baixar-o-mt5\/\" class=\"elementor-item\">Baixando o MT5<\/a><\/li>\n<li class=\"menu-item menu-item-type-post_type menu-item-object-page menu-item-1371\"><a href=\"https:\/\/305markets.com\/es\/faq-como-acessar-o-mt5\/\" class=\"elementor-item\">Acessando o MT5<\/a><\/li>\n<li class=\"menu-item menu-item-type-post_type menu-item-object-page menu-item-1863\"><a href=\"https:\/\/305markets.com\/es\/faq-exportar-relatorio-mt5\/\" class=\"elementor-item\">Exportar Relat\u00f3rio MT5<\/a><\/li>\n<\/ul>\t\t\t<\/nav>\n\t\t\t\t\t\t<nav class=\"elementor-nav-menu--dropdown elementor-nav-menu__container\" aria-hidden=\"true\">\n\t\t\t\t<ul id=\"menu-2-f66abee\" class=\"elementor-nav-menu sm-vertical\"><li class=\"menu-item menu-item-type-post_type menu-item-object-page menu-item-1291\"><a href=\"https:\/\/305markets.com\/es\/faq-cadastro-na-305-markets\/\" class=\"elementor-item\" tabindex=\"-1\">Cadastro na 305 Markets<\/a><\/li>\n<li class=\"menu-item menu-item-type-post_type menu-item-object-page menu-item-1289\"><a href=\"https:\/\/305markets.com\/es\/faq-aprovacao-kyc\/\" class=\"elementor-item\" tabindex=\"-1\">Aprova\u00e7\u00e3o KYC<\/a><\/li>\n<li class=\"menu-item menu-item-type-post_type menu-item-object-page menu-item-1287\"><a href=\"https:\/\/305markets.com\/es\/faq-como-fazer-depositos\/\" class=\"elementor-item\" tabindex=\"-1\">Dep\u00f3sitos na Plataforma<\/a><\/li>\n<li class=\"menu-item menu-item-type-post_type menu-item-object-page menu-item-1284\"><a href=\"https:\/\/305markets.com\/es\/faq-depositando-dinheiro-pelo-celular\/\" class=\"elementor-item\" tabindex=\"-1\">Dep\u00f3sitos pelo celular<\/a><\/li>\n<li class=\"menu-item menu-item-type-post_type menu-item-object-page menu-item-1285\"><a href=\"https:\/\/305markets.com\/es\/faq-operacao-conta-propria\/\" class=\"elementor-item\" tabindex=\"-1\">Opera\u00e7\u00e3o por Conta Pr\u00f3pria<\/a><\/li>\n<li class=\"menu-item menu-item-type-post_type menu-item-object-page menu-item-1290\"><a href=\"https:\/\/305markets.com\/es\/faq-operacoes-mam\/\" class=\"elementor-item\" tabindex=\"-1\">Opera\u00e7\u00f5es MAM<\/a><\/li>\n<li class=\"menu-item menu-item-type-post_type menu-item-object-page menu-item-1281\"><a href=\"https:\/\/305markets.com\/es\/faq-transferencia-e-saques\/\" class=\"elementor-item\" tabindex=\"-1\">Transfer\u00eancia e Saques<\/a><\/li>\n<li class=\"menu-item menu-item-type-post_type menu-item-object-page menu-item-1282\"><a href=\"https:\/\/305markets.com\/es\/faq-historico-das-operacoes\/\" class=\"elementor-item\" tabindex=\"-1\">Hist\u00f3rico\u00a0das\u00a0Opera\u00e7\u00f5es<\/a><\/li>\n<li class=\"menu-item menu-item-type-post_type menu-item-object-page menu-item-1283\"><a href=\"https:\/\/305markets.com\/es\/faq-trocando-o-seu-dinheiro-por-usdt\/\" class=\"elementor-item\" tabindex=\"-1\">Trocando dinheiro por USDT<\/a><\/li>\n<li class=\"menu-item menu-item-type-post_type menu-item-object-page menu-item-1288\"><a href=\"https:\/\/305markets.com\/es\/faq-como-depositar-no-binance\/\" class=\"elementor-item\" tabindex=\"-1\">Dep\u00f3sito no Binance<\/a><\/li>\n<li class=\"menu-item menu-item-type-post_type menu-item-object-page menu-item-1286\"><a href=\"https:\/\/305markets.com\/es\/faq-como-fazer-o-cadastro-no-binance\/\" class=\"elementor-item\" tabindex=\"-1\">Cadastro no Binance<\/a><\/li>\n<li class=\"menu-item menu-item-type-post_type menu-item-object-page menu-item-1365\"><a href=\"https:\/\/305markets.com\/es\/faq-como-baixar-o-mt5\/\" class=\"elementor-item\" tabindex=\"-1\">Baixando o MT5<\/a><\/li>\n<li class=\"menu-item menu-item-type-post_type menu-item-object-page menu-item-1371\"><a href=\"https:\/\/305markets.com\/es\/faq-como-acessar-o-mt5\/\" class=\"elementor-item\" tabindex=\"-1\">Acessando o MT5<\/a><\/li>\n<li class=\"menu-item menu-item-type-post_type menu-item-object-page menu-item-1863\"><a href=\"https:\/\/305markets.com\/es\/faq-exportar-relatorio-mt5\/\" class=\"elementor-item\" tabindex=\"-1\">Exportar Relat\u00f3rio MT5<\/a><\/li>\n<\/ul>\t\t\t<\/nav>\n\t\t\t\t\t\t<\/div>\n\t\t\t\t<\/div>\n\t\t\t\t<\/div>\n\t\t<div class=\"elementor-element elementor-element-4f0fffd e-flex e-con-boxed e-con e-child\" data-id=\"4f0fffd\" data-element_type=\"container\">\n\t\t\t\t\t<div class=\"e-con-inner\">\n\t\t\t\t<div class=\"elementor-element elementor-element-e2a3d6e elementor-widget__width-inherit elementor-widget elementor-widget-heading\" data-id=\"e2a3d6e\" data-element_type=\"widget\" data-widget_type=\"heading.default\">\n\t\t\t\t<div class=\"elementor-widget-container\">\n\t\t\t\t\t<h2 class=\"elementor-heading-title elementor-size-default\">Como depositar no Binance\u200b<\/h2>\t\t\t\t<\/div>\n\t\t\t\t<\/div>\n\t\t\t\t<div class=\"elementor-element elementor-element-ff1d4a9 elementor-widget elementor-widget-text-editor\" data-id=\"ff1d4a9\" data-element_type=\"widget\" data-widget_type=\"text-editor.default\">\n\t\t\t\t<div class=\"elementor-widget-container\">\n\t\t\t\t\t\t\t\t\t<p>Confira o passo a passo seguindo o video abaixo:<\/p>\t\t\t\t\t\t\t\t<\/div>\n\t\t\t\t<\/div>\n\t\t\t\t<div class=\"elementor-element elementor-element-bff3fce elementor-widget elementor-widget-video\" data-id=\"bff3fce\" data-element_type=\"widget\" data-settings=\"{&quot;video_type&quot;:&quot;vimeo&quot;,&quot;show_image_overlay&quot;:&quot;yes&quot;,&quot;image_overlay&quot;:{&quot;url&quot;:&quot;https:\\\/\\\/305markets.com\\\/wp-content\\\/uploads\\\/2023\\\/09\\\/thumb-faq-7.png&quot;,&quot;id&quot;:1135,&quot;size&quot;:&quot;&quot;,&quot;alt&quot;:&quot;&quot;,&quot;source&quot;:&quot;library&quot;}}\" data-widget_type=\"video.default\">\n\t\t\t\t<div class=\"elementor-widget-container\">\n\t\t\t\t\t\t\t<div class=\"elementor-wrapper elementor-open-inline\">\n\t\t\t<iframe class=\"elementor-video-iframe\" allowfullscreen allow=\"clipboard-write\" title=\"Reprodutor de v\u00eddeo de vimeo\" src=\"https:\/\/player.vimeo.com\/video\/861685116?color&amp;autopause=0&amp;loop=0&amp;muted=0&amp;title=0&amp;portrait=0&amp;byline=0&amp;h=f763c25e9e#t=\" data-no-translation-title=\"\"><\/iframe>\t\t\t\t<div class=\"elementor-custom-embed-image-overlay\" style=\"background-image: url(https:\/\/305markets.com\/wp-content\/uploads\/2023\/09\/thumb-faq-7.png);\">\n\t\t\t\t\t\t\t\t\t\t\t\t\t\t\t\t<div class=\"elementor-custom-embed-play\" role=\"button\" aria-label=\"Reproduzir v\u00eddeo\" tabindex=\"0\" data-no-translation-aria-label=\"\">\n\t\t\t\t\t\t\t<svg aria-hidden=\"true\" class=\"e-font-icon-svg e-eicon-play\" viewbox=\"0 0 1000 1000\" xmlns=\"http:\/\/www.w3.org\/2000\/svg\"><path d=\"M838 162C746 71 633 25 500 25 371 25 258 71 163 162 71 254 25 367 25 500 25 633 71 746 163 837 254 929 367 979 500 979 633 979 746 933 838 837 929 746 975 633 975 500 975 367 929 254 838 162M808 192C892 279 933 379 933 500 933 621 892 725 808 808 725 892 621 938 500 938 379 938 279 896 196 808 113 725 67 621 67 500 67 379 108 279 196 192 279 108 383 62 500 62 621 62 721 108 808 192M438 392V642L642 517 438 392Z\"><\/path><\/svg>\t\t\t\t\t\t<\/div>\n\t\t\t\t\t\t\t\t\t<\/div>\n\t\t\t\t\t<\/div>\n\t\t\t\t\t\t<\/div>\n\t\t\t\t<\/div>\n\t\t<div class=\"elementor-element elementor-element-dcb71f5 e-flex e-con-boxed e-con e-child\" data-id=\"dcb71f5\" data-element_type=\"container\">\n\t\t\t\t\t<div class=\"e-con-inner\">\n\t\t\t\t<div class=\"elementor-element elementor-element-d641798 elementor-widget__width-inherit elementor-widget elementor-widget-heading\" data-id=\"d641798\" data-element_type=\"widget\" data-widget_type=\"heading.default\">\n\t\t\t\t<div class=\"elementor-widget-container\">\n\t\t\t\t\t<h2 class=\"elementor-heading-title elementor-size-default\">Passo a passo completo:<\/h2>\t\t\t\t<\/div>\n\t\t\t\t<\/div>\n\t\t\t\t<div class=\"elementor-element elementor-element-3343994 elementor-widget elementor-widget-image-box\" data-id=\"3343994\" data-element_type=\"widget\" data-widget_type=\"image-box.default\">\n\t\t\t\t<div class=\"elementor-widget-container\">\n\t\t\t\t\t<div class=\"elementor-image-box-wrapper\"><div class=\"elementor-image-box-content\"><h3 class=\"elementor-image-box-title\">1 - Acesso \u00e0 Binance<\/h3><p class=\"elementor-image-box-description\">Caso esteja fora do Brasil, utilize uma VPN, como a <b>Surf Shark<\/b>, para acessar a Binance. Baixe a VPN na Play Store ou Apple Store.<br><br>Fa\u00e7a a conex\u00e3o \u00e0 VPN e <b>selecione o Brasil como local de conex\u00e3o<\/b>, pois a Binance n\u00e3o funciona fora do territ\u00f3rio nacional.<\/p><\/div><\/div>\t\t\t\t<\/div>\n\t\t\t\t<\/div>\n\t\t\t\t<div class=\"elementor-element elementor-element-27638ad elementor-widget elementor-widget-image\" data-id=\"27638ad\" data-element_type=\"widget\" data-widget_type=\"image.default\">\n\t\t\t\t<div class=\"elementor-widget-container\">\n\t\t\t\t\t\t\t\t\t\t\t\t\t\t\t<img fetchpriority=\"high\" decoding=\"async\" width=\"651\" height=\"432\" src=\"https:\/\/305markets.com\/wp-content\/uploads\/2024\/01\/deposito-binance-1.png\" class=\"attachment-large size-large wp-image-1718\" alt=\"\" srcset=\"https:\/\/305markets.com\/wp-content\/uploads\/2024\/01\/deposito-binance-1.png 651w, https:\/\/305markets.com\/wp-content\/uploads\/2024\/01\/deposito-binance-1-300x199.png 300w, https:\/\/305markets.com\/wp-content\/uploads\/2024\/01\/deposito-binance-1-18x12.png 18w\" sizes=\"(max-width: 651px) 100vw, 651px\" \/>\t\t\t\t\t\t\t\t\t\t\t\t\t\t\t<\/div>\n\t\t\t\t<\/div>\n\t\t\t\t<div class=\"elementor-element elementor-element-3891437 elementor-widget elementor-widget-image-box\" data-id=\"3891437\" data-element_type=\"widget\" data-widget_type=\"image-box.default\">\n\t\t\t\t<div class=\"elementor-widget-container\">\n\t\t\t\t\t<div class=\"elementor-image-box-wrapper\"><div class=\"elementor-image-box-content\"><h3 class=\"elementor-image-box-title\">2 - Acesso \u00e0 Se\u00e7\u00e3o de Dep\u00f3sito<\/h3><p class=\"elementor-image-box-description\">Ap\u00f3s acessar sua conta na Binance, no canto superior esquerdo, v\u00e1 para \"<b>Dep\u00f3sito Banc\u00e1rio<\/b>\" para realizar uma transfer\u00eancia via Pix ou TED.<\/p><\/div><\/div>\t\t\t\t<\/div>\n\t\t\t\t<\/div>\n\t\t\t\t<div class=\"elementor-element elementor-element-4371f51 elementor-widget elementor-widget-image\" data-id=\"4371f51\" data-element_type=\"widget\" data-widget_type=\"image.default\">\n\t\t\t\t<div class=\"elementor-widget-container\">\n\t\t\t\t\t\t\t\t\t\t\t\t\t\t\t<img decoding=\"async\" width=\"651\" height=\"383\" src=\"https:\/\/305markets.com\/wp-content\/uploads\/2024\/01\/deposito-binance-2.png\" class=\"attachment-large size-large wp-image-1725\" alt=\"\" srcset=\"https:\/\/305markets.com\/wp-content\/uploads\/2024\/01\/deposito-binance-2.png 651w, https:\/\/305markets.com\/wp-content\/uploads\/2024\/01\/deposito-binance-2-300x176.png 300w, https:\/\/305markets.com\/wp-content\/uploads\/2024\/01\/deposito-binance-2-18x12.png 18w\" sizes=\"(max-width: 651px) 100vw, 651px\" \/>\t\t\t\t\t\t\t\t\t\t\t\t\t\t\t<\/div>\n\t\t\t\t<\/div>\n\t\t\t\t<div class=\"elementor-element elementor-element-1fb87f6 elementor-widget elementor-widget-image-box\" data-id=\"1fb87f6\" data-element_type=\"widget\" data-widget_type=\"image-box.default\">\n\t\t\t\t<div class=\"elementor-widget-container\">\n\t\t\t\t\t<div class=\"elementor-image-box-wrapper\"><div class=\"elementor-image-box-content\"><p class=\"elementor-image-box-description\">Recomenda-se o uso de PIX para transfer\u00eancias imediatas.<\/p><\/div><\/div>\t\t\t\t<\/div>\n\t\t\t\t<\/div>\n\t\t\t\t<div class=\"elementor-element elementor-element-7a9d796 elementor-widget elementor-widget-image\" data-id=\"7a9d796\" data-element_type=\"widget\" data-widget_type=\"image.default\">\n\t\t\t\t<div class=\"elementor-widget-container\">\n\t\t\t\t\t\t\t\t\t\t\t\t\t\t\t<img decoding=\"async\" width=\"651\" height=\"383\" src=\"https:\/\/305markets.com\/wp-content\/uploads\/2024\/01\/deposito-binance-3.png\" class=\"attachment-large size-large wp-image-1729\" alt=\"\" srcset=\"https:\/\/305markets.com\/wp-content\/uploads\/2024\/01\/deposito-binance-3.png 651w, https:\/\/305markets.com\/wp-content\/uploads\/2024\/01\/deposito-binance-3-300x176.png 300w, https:\/\/305markets.com\/wp-content\/uploads\/2024\/01\/deposito-binance-3-18x12.png 18w\" sizes=\"(max-width: 651px) 100vw, 651px\" \/>\t\t\t\t\t\t\t\t\t\t\t\t\t\t\t<\/div>\n\t\t\t\t<\/div>\n\t\t\t\t<div class=\"elementor-element elementor-element-236c960 elementor-widget elementor-widget-image-box\" data-id=\"236c960\" data-element_type=\"widget\" data-widget_type=\"image-box.default\">\n\t\t\t\t<div class=\"elementor-widget-container\">\n\t\t\t\t\t<div class=\"elementor-image-box-wrapper\"><div class=\"elementor-image-box-content\"><h3 class=\"elementor-image-box-title\">3 - Sele\u00e7\u00e3o do Valor e M\u00e9todo de Dep\u00f3sito<\/h3><p class=\"elementor-image-box-description\">Escolha o valor que deseja depositar. <b>Recomenda-se verificar os dados da conta banc\u00e1ria <\/b>e usar o Pix para transfer\u00eancia imediata.<br><br>Ap\u00f3s inserir os detalhes, confirme a transfer\u00eancia. Verifique os dados banc\u00e1rios para evitar erros.<\/p><\/div><\/div>\t\t\t\t<\/div>\n\t\t\t\t<\/div>\n\t\t\t\t<div class=\"elementor-element elementor-element-ee6c441 elementor-widget elementor-widget-image\" data-id=\"ee6c441\" data-element_type=\"widget\" data-widget_type=\"image.default\">\n\t\t\t\t<div class=\"elementor-widget-container\">\n\t\t\t\t\t\t\t\t\t\t\t\t\t\t\t<img loading=\"lazy\" decoding=\"async\" width=\"560\" height=\"383\" src=\"https:\/\/305markets.com\/wp-content\/uploads\/2024\/01\/deposito-binance-4.png\" class=\"attachment-large size-large wp-image-1733\" alt=\"\" srcset=\"https:\/\/305markets.com\/wp-content\/uploads\/2024\/01\/deposito-binance-4.png 560w, https:\/\/305markets.com\/wp-content\/uploads\/2024\/01\/deposito-binance-4-300x205.png 300w, https:\/\/305markets.com\/wp-content\/uploads\/2024\/01\/deposito-binance-4-18x12.png 18w\" sizes=\"(max-width: 560px) 100vw, 560px\" \/>\t\t\t\t\t\t\t\t\t\t\t\t\t\t\t<\/div>\n\t\t\t\t<\/div>\n\t\t\t\t<div class=\"elementor-element elementor-element-46f704d elementor-widget elementor-widget-image-box\" data-id=\"46f704d\" data-element_type=\"widget\" data-widget_type=\"image-box.default\">\n\t\t\t\t<div class=\"elementor-widget-container\">\n\t\t\t\t\t<div class=\"elementor-image-box-wrapper\"><div class=\"elementor-image-box-content\"><h3 class=\"elementor-image-box-title\">4 - Verifica\u00e7\u00e3o do Saldo<\/h3><p class=\"elementor-image-box-description\">Monitore o saldo de caixa na plataforma. Aguarde a atualiza\u00e7\u00e3o, e o valor transferido deve refletir no saldo da conta.<\/p><\/div><\/div>\t\t\t\t<\/div>\n\t\t\t\t<\/div>\n\t\t\t\t<div class=\"elementor-element elementor-element-21f59bf elementor-widget elementor-widget-image\" data-id=\"21f59bf\" data-element_type=\"widget\" data-widget_type=\"image.default\">\n\t\t\t\t<div class=\"elementor-widget-container\">\n\t\t\t\t\t\t\t\t\t\t\t\t\t\t\t<img loading=\"lazy\" decoding=\"async\" width=\"560\" height=\"383\" src=\"https:\/\/305markets.com\/wp-content\/uploads\/2024\/01\/deposito-binance-5.png\" class=\"attachment-large size-large wp-image-1741\" alt=\"\" srcset=\"https:\/\/305markets.com\/wp-content\/uploads\/2024\/01\/deposito-binance-5.png 560w, https:\/\/305markets.com\/wp-content\/uploads\/2024\/01\/deposito-binance-5-300x205.png 300w, https:\/\/305markets.com\/wp-content\/uploads\/2024\/01\/deposito-binance-5-18x12.png 18w\" sizes=\"(max-width: 560px) 100vw, 560px\" \/>\t\t\t\t\t\t\t\t\t\t\t\t\t\t\t<\/div>\n\t\t\t\t<\/div>\n\t\t\t\t<div class=\"elementor-element elementor-element-01a0553 elementor-widget elementor-widget-image-box\" data-id=\"01a0553\" data-element_type=\"widget\" data-widget_type=\"image-box.default\">\n\t\t\t\t<div class=\"elementor-widget-container\">\n\t\t\t\t\t<div class=\"elementor-image-box-wrapper\"><div class=\"elementor-image-box-content\"><h3 class=\"elementor-image-box-title\">5 - Observa\u00e7\u00f5es Importantes<\/h3><p class=\"elementor-image-box-description\">Certifique-se de realizar o dep\u00f3sito diretamente da conta banc\u00e1ria vinculada ao seu CPF. <br><br>Se tiver uma conta conjunta, a transfer\u00eancia deve ser feita exclusivamente com o n\u00famero cadastrado na Binance.<br><br>Ap\u00f3s a conclus\u00e3o dos passos, o dinheiro estar\u00e1 dispon\u00edvel na sua conta da Binance para come\u00e7ar suas opera\u00e7\u00f5es.<\/p><\/div><\/div>\t\t\t\t<\/div>\n\t\t\t\t<\/div>\n\t\t\t\t\t<\/div>\n\t\t\t\t<\/div>\n\t\t\t\t\t<\/div>\n\t\t\t\t<\/div>\n\t\t\t\t\t<\/div>\n\t\t\t\t<\/div>\n\t\t\t\t<\/div>","protected":false},"excerpt":{"rendered":"<p>Como depositar no Binance\u200b Confira o passo a passo seguindo o video abaixo: https:\/\/vimeo.com\/861685116\/f763c25e9e?share=copy Passo a passo completo: 1 &#8211; Acesso \u00e0 Binance Caso esteja fora do Brasil, utilize uma VPN, como a Surf Shark, para acessar a Binance. Baixe a VPN na Play Store ou Apple Store. Fa\u00e7a a conex\u00e3o \u00e0 VPN e selecione [&hellip;]<\/p>","protected":false},"author":7,"featured_media":0,"parent":0,"menu_order":0,"comment_status":"closed","ping_status":"closed","template":"elementor_header_footer","meta":{"footnotes":""},"class_list":["post-1266","page","type-page","status-publish","hentry"],"_links":{"self":[{"href":"https:\/\/305markets.com\/es\/wp-json\/wp\/v2\/pages\/1266","targetHints":{"allow":["GET"]}}],"collection":[{"href":"https:\/\/305markets.com\/es\/wp-json\/wp\/v2\/pages"}],"about":[{"href":"https:\/\/305markets.com\/es\/wp-json\/wp\/v2\/types\/page"}],"author":[{"embeddable":true,"href":"https:\/\/305markets.com\/es\/wp-json\/wp\/v2\/users\/7"}],"replies":[{"embeddable":true,"href":"https:\/\/305markets.com\/es\/wp-json\/wp\/v2\/comments?post=1266"}],"version-history":[{"count":32,"href":"https:\/\/305markets.com\/es\/wp-json\/wp\/v2\/pages\/1266\/revisions"}],"predecessor-version":[{"id":1747,"href":"https:\/\/305markets.com\/es\/wp-json\/wp\/v2\/pages\/1266\/revisions\/1747"}],"wp:attachment":[{"href":"https:\/\/305markets.com\/es\/wp-json\/wp\/v2\/media?parent=1266"}],"curies":[{"name":"wp","href":"https:\/\/api.w.org\/{rel}","templated":true}]}}