{"id":1268,"date":"2023-10-11T20:58:30","date_gmt":"2023-10-11T20:58:30","guid":{"rendered":"https:\/\/305markets.com\/?page_id=1268"},"modified":"2024-01-08T13:42:21","modified_gmt":"2024-01-08T13:42:21","slug":"faq-como-fazer-o-cadastro-no-binance","status":"publish","type":"page","link":"https:\/\/305markets.com\/es\/faq-como-fazer-o-cadastro-no-binance\/","title":{"rendered":"FAQ &#8211; Como fazer o cadastro no Binance"},"content":{"rendered":"<div data-elementor-type=\"wp-page\" data-elementor-id=\"1268\" class=\"elementor elementor-1268\" data-elementor-post-type=\"page\">\n\t\t\t\t<div class=\"elementor-element elementor-element-1d15787 e-flex e-con-boxed e-con e-parent\" data-id=\"1d15787\" data-element_type=\"container\">\n\t\t\t\t\t<div class=\"e-con-inner\">\n\t\t<div class=\"elementor-element elementor-element-6b5a410 e-con-full e-flex e-con e-child\" data-id=\"6b5a410\" data-element_type=\"container\" data-settings=\"{&quot;background_background&quot;:&quot;classic&quot;}\">\n\t\t\t\t<div class=\"elementor-element elementor-element-802c628 elementor-nav-menu--dropdown-none elementor-widget elementor-widget-nav-menu\" data-id=\"802c628\" data-element_type=\"widget\" data-settings=\"{&quot;layout&quot;:&quot;vertical&quot;,&quot;sticky&quot;:&quot;top&quot;,&quot;sticky_offset&quot;:100,&quot;sticky_parent&quot;:&quot;yes&quot;,&quot;submenu_icon&quot;:{&quot;value&quot;:&quot;&lt;svg class=\\&quot;e-font-icon-svg e-fas-caret-down\\&quot; viewBox=\\&quot;0 0 320 512\\&quot; xmlns=\\&quot;http:\\\/\\\/www.w3.org\\\/2000\\\/svg\\&quot;&gt;&lt;path d=\\&quot;M31.3 192h257.3c17.8 0 26.7 21.5 14.1 34.1L174.1 354.8c-7.8 7.8-20.5 7.8-28.3 0L17.2 226.1C4.6 213.5 13.5 192 31.3 192z\\&quot;&gt;&lt;\\\/path&gt;&lt;\\\/svg&gt;&quot;,&quot;library&quot;:&quot;fa-solid&quot;},&quot;sticky_on&quot;:[&quot;desktop&quot;,&quot;laptop&quot;,&quot;tablet&quot;,&quot;mobile&quot;],&quot;sticky_effects_offset&quot;:0,&quot;sticky_anchor_link_offset&quot;:0}\" data-widget_type=\"nav-menu.default\">\n\t\t\t\t<div class=\"elementor-widget-container\">\n\t\t\t\t\t\t\t\t<nav aria-label=\"Menu\" class=\"elementor-nav-menu--main elementor-nav-menu__container elementor-nav-menu--layout-vertical e--pointer-underline e--animation-fade\">\n\t\t\t\t<ul id=\"menu-1-802c628\" class=\"elementor-nav-menu sm-vertical\"><li class=\"menu-item menu-item-type-post_type menu-item-object-page menu-item-1291\"><a href=\"https:\/\/305markets.com\/es\/faq-cadastro-na-305-markets\/\" class=\"elementor-item\">Cadastro na 305 Markets<\/a><\/li>\n<li class=\"menu-item menu-item-type-post_type menu-item-object-page menu-item-1289\"><a href=\"https:\/\/305markets.com\/es\/faq-aprovacao-kyc\/\" class=\"elementor-item\">Aprova\u00e7\u00e3o KYC<\/a><\/li>\n<li class=\"menu-item menu-item-type-post_type menu-item-object-page menu-item-1287\"><a href=\"https:\/\/305markets.com\/es\/faq-como-fazer-depositos\/\" class=\"elementor-item\">Dep\u00f3sitos na Plataforma<\/a><\/li>\n<li class=\"menu-item menu-item-type-post_type menu-item-object-page menu-item-1284\"><a href=\"https:\/\/305markets.com\/es\/faq-depositando-dinheiro-pelo-celular\/\" class=\"elementor-item\">Dep\u00f3sitos pelo celular<\/a><\/li>\n<li class=\"menu-item menu-item-type-post_type menu-item-object-page menu-item-1285\"><a href=\"https:\/\/305markets.com\/es\/faq-operacao-conta-propria\/\" class=\"elementor-item\">Opera\u00e7\u00e3o por Conta Pr\u00f3pria<\/a><\/li>\n<li class=\"menu-item menu-item-type-post_type menu-item-object-page menu-item-1290\"><a href=\"https:\/\/305markets.com\/es\/faq-operacoes-mam\/\" class=\"elementor-item\">Opera\u00e7\u00f5es MAM<\/a><\/li>\n<li class=\"menu-item menu-item-type-post_type menu-item-object-page menu-item-1281\"><a href=\"https:\/\/305markets.com\/es\/faq-transferencia-e-saques\/\" class=\"elementor-item\">Transfer\u00eancia e Saques<\/a><\/li>\n<li class=\"menu-item menu-item-type-post_type menu-item-object-page menu-item-1282\"><a href=\"https:\/\/305markets.com\/es\/faq-historico-das-operacoes\/\" class=\"elementor-item\">Hist\u00f3rico\u00a0das\u00a0Opera\u00e7\u00f5es<\/a><\/li>\n<li class=\"menu-item menu-item-type-post_type menu-item-object-page menu-item-1283\"><a href=\"https:\/\/305markets.com\/es\/faq-trocando-o-seu-dinheiro-por-usdt\/\" class=\"elementor-item\">Trocando dinheiro por USDT<\/a><\/li>\n<li class=\"menu-item menu-item-type-post_type menu-item-object-page menu-item-1288\"><a href=\"https:\/\/305markets.com\/es\/faq-como-depositar-no-binance\/\" class=\"elementor-item\">Dep\u00f3sito no Binance<\/a><\/li>\n<li class=\"menu-item menu-item-type-post_type menu-item-object-page menu-item-1286\"><a href=\"https:\/\/305markets.com\/es\/faq-como-fazer-o-cadastro-no-binance\/\" class=\"elementor-item\">Cadastro no Binance<\/a><\/li>\n<li class=\"menu-item menu-item-type-post_type menu-item-object-page menu-item-1365\"><a href=\"https:\/\/305markets.com\/es\/faq-como-baixar-o-mt5\/\" class=\"elementor-item\">Baixando o MT5<\/a><\/li>\n<li class=\"menu-item menu-item-type-post_type menu-item-object-page menu-item-1371\"><a href=\"https:\/\/305markets.com\/es\/faq-como-acessar-o-mt5\/\" class=\"elementor-item\">Acessando o MT5<\/a><\/li>\n<li class=\"menu-item menu-item-type-post_type menu-item-object-page menu-item-1863\"><a href=\"https:\/\/305markets.com\/es\/faq-exportar-relatorio-mt5\/\" class=\"elementor-item\">Exportar Relat\u00f3rio MT5<\/a><\/li>\n<\/ul>\t\t\t<\/nav>\n\t\t\t\t\t\t<nav class=\"elementor-nav-menu--dropdown elementor-nav-menu__container\" aria-hidden=\"true\">\n\t\t\t\t<ul id=\"menu-2-802c628\" class=\"elementor-nav-menu sm-vertical\"><li class=\"menu-item menu-item-type-post_type menu-item-object-page menu-item-1291\"><a href=\"https:\/\/305markets.com\/es\/faq-cadastro-na-305-markets\/\" class=\"elementor-item\" tabindex=\"-1\">Cadastro na 305 Markets<\/a><\/li>\n<li class=\"menu-item menu-item-type-post_type menu-item-object-page menu-item-1289\"><a href=\"https:\/\/305markets.com\/es\/faq-aprovacao-kyc\/\" class=\"elementor-item\" tabindex=\"-1\">Aprova\u00e7\u00e3o KYC<\/a><\/li>\n<li class=\"menu-item menu-item-type-post_type menu-item-object-page menu-item-1287\"><a href=\"https:\/\/305markets.com\/es\/faq-como-fazer-depositos\/\" class=\"elementor-item\" tabindex=\"-1\">Dep\u00f3sitos na Plataforma<\/a><\/li>\n<li class=\"menu-item menu-item-type-post_type menu-item-object-page menu-item-1284\"><a href=\"https:\/\/305markets.com\/es\/faq-depositando-dinheiro-pelo-celular\/\" class=\"elementor-item\" tabindex=\"-1\">Dep\u00f3sitos pelo celular<\/a><\/li>\n<li class=\"menu-item menu-item-type-post_type menu-item-object-page menu-item-1285\"><a href=\"https:\/\/305markets.com\/es\/faq-operacao-conta-propria\/\" class=\"elementor-item\" tabindex=\"-1\">Opera\u00e7\u00e3o por Conta Pr\u00f3pria<\/a><\/li>\n<li class=\"menu-item menu-item-type-post_type menu-item-object-page menu-item-1290\"><a href=\"https:\/\/305markets.com\/es\/faq-operacoes-mam\/\" class=\"elementor-item\" tabindex=\"-1\">Opera\u00e7\u00f5es MAM<\/a><\/li>\n<li class=\"menu-item menu-item-type-post_type menu-item-object-page menu-item-1281\"><a href=\"https:\/\/305markets.com\/es\/faq-transferencia-e-saques\/\" class=\"elementor-item\" tabindex=\"-1\">Transfer\u00eancia e Saques<\/a><\/li>\n<li class=\"menu-item menu-item-type-post_type menu-item-object-page menu-item-1282\"><a href=\"https:\/\/305markets.com\/es\/faq-historico-das-operacoes\/\" class=\"elementor-item\" tabindex=\"-1\">Hist\u00f3rico\u00a0das\u00a0Opera\u00e7\u00f5es<\/a><\/li>\n<li class=\"menu-item menu-item-type-post_type menu-item-object-page menu-item-1283\"><a href=\"https:\/\/305markets.com\/es\/faq-trocando-o-seu-dinheiro-por-usdt\/\" class=\"elementor-item\" tabindex=\"-1\">Trocando dinheiro por USDT<\/a><\/li>\n<li class=\"menu-item menu-item-type-post_type menu-item-object-page menu-item-1288\"><a href=\"https:\/\/305markets.com\/es\/faq-como-depositar-no-binance\/\" class=\"elementor-item\" tabindex=\"-1\">Dep\u00f3sito no Binance<\/a><\/li>\n<li class=\"menu-item menu-item-type-post_type menu-item-object-page menu-item-1286\"><a href=\"https:\/\/305markets.com\/es\/faq-como-fazer-o-cadastro-no-binance\/\" class=\"elementor-item\" tabindex=\"-1\">Cadastro no Binance<\/a><\/li>\n<li class=\"menu-item menu-item-type-post_type menu-item-object-page menu-item-1365\"><a href=\"https:\/\/305markets.com\/es\/faq-como-baixar-o-mt5\/\" class=\"elementor-item\" tabindex=\"-1\">Baixando o MT5<\/a><\/li>\n<li class=\"menu-item menu-item-type-post_type menu-item-object-page menu-item-1371\"><a href=\"https:\/\/305markets.com\/es\/faq-como-acessar-o-mt5\/\" class=\"elementor-item\" tabindex=\"-1\">Acessando o MT5<\/a><\/li>\n<li class=\"menu-item menu-item-type-post_type menu-item-object-page menu-item-1863\"><a href=\"https:\/\/305markets.com\/es\/faq-exportar-relatorio-mt5\/\" class=\"elementor-item\" tabindex=\"-1\">Exportar Relat\u00f3rio MT5<\/a><\/li>\n<\/ul>\t\t\t<\/nav>\n\t\t\t\t\t\t<\/div>\n\t\t\t\t<\/div>\n\t\t\t\t<\/div>\n\t\t<div class=\"elementor-element elementor-element-4f0fffd e-flex e-con-boxed e-con e-child\" data-id=\"4f0fffd\" data-element_type=\"container\">\n\t\t\t\t\t<div class=\"e-con-inner\">\n\t\t\t\t<div class=\"elementor-element elementor-element-e2a3d6e elementor-widget__width-inherit elementor-widget elementor-widget-heading\" data-id=\"e2a3d6e\" data-element_type=\"widget\" data-widget_type=\"heading.default\">\n\t\t\t\t<div class=\"elementor-widget-container\">\n\t\t\t\t\t<h2 class=\"elementor-heading-title elementor-size-default\">Como realizar seu cadastro na Binance<\/h2>\t\t\t\t<\/div>\n\t\t\t\t<\/div>\n\t\t\t\t<div class=\"elementor-element elementor-element-ff1d4a9 elementor-widget elementor-widget-text-editor\" data-id=\"ff1d4a9\" data-element_type=\"widget\" data-widget_type=\"text-editor.default\">\n\t\t\t\t<div class=\"elementor-widget-container\">\n\t\t\t\t\t\t\t\t\t<p>Confira o passo a passo seguindo o video abaixo:<\/p>\t\t\t\t\t\t\t\t<\/div>\n\t\t\t\t<\/div>\n\t\t\t\t<div class=\"elementor-element elementor-element-1f5e9ae elementor-widget elementor-widget-video\" data-id=\"1f5e9ae\" data-element_type=\"widget\" data-settings=\"{&quot;video_type&quot;:&quot;vimeo&quot;,&quot;show_image_overlay&quot;:&quot;yes&quot;,&quot;image_overlay&quot;:{&quot;url&quot;:&quot;http:\\\/\\\/305markets.com\\\/wp-content\\\/uploads\\\/2023\\\/09\\\/thumb-faq-11.png&quot;,&quot;id&quot;:1132,&quot;size&quot;:&quot;&quot;,&quot;alt&quot;:&quot;&quot;,&quot;source&quot;:&quot;library&quot;}}\" data-widget_type=\"video.default\">\n\t\t\t\t<div class=\"elementor-widget-container\">\n\t\t\t\t\t\t\t<div class=\"elementor-wrapper elementor-open-inline\">\n\t\t\t<iframe class=\"elementor-video-iframe\" allowfullscreen allow=\"clipboard-write\" title=\"Reprodutor de v\u00eddeo de vimeo\" src=\"https:\/\/player.vimeo.com\/video\/861684904?color&amp;autopause=0&amp;loop=0&amp;muted=0&amp;title=0&amp;portrait=0&amp;byline=0&amp;h=21254a5564#t=\" data-no-translation-title=\"\"><\/iframe>\t\t\t\t<div class=\"elementor-custom-embed-image-overlay\" style=\"background-image: url(https:\/\/305markets.com\/wp-content\/uploads\/2023\/09\/thumb-faq-11.png);\">\n\t\t\t\t\t\t\t\t\t\t\t\t\t\t\t\t<div class=\"elementor-custom-embed-play\" role=\"button\" aria-label=\"Reproduzir v\u00eddeo\" tabindex=\"0\" data-no-translation-aria-label=\"\">\n\t\t\t\t\t\t\t<svg aria-hidden=\"true\" class=\"e-font-icon-svg e-eicon-play\" viewbox=\"0 0 1000 1000\" xmlns=\"http:\/\/www.w3.org\/2000\/svg\"><path d=\"M838 162C746 71 633 25 500 25 371 25 258 71 163 162 71 254 25 367 25 500 25 633 71 746 163 837 254 929 367 979 500 979 633 979 746 933 838 837 929 746 975 633 975 500 975 367 929 254 838 162M808 192C892 279 933 379 933 500 933 621 892 725 808 808 725 892 621 938 500 938 379 938 279 896 196 808 113 725 67 621 67 500 67 379 108 279 196 192 279 108 383 62 500 62 621 62 721 108 808 192M438 392V642L642 517 438 392Z\"><\/path><\/svg>\t\t\t\t\t\t<\/div>\n\t\t\t\t\t\t\t\t\t<\/div>\n\t\t\t\t\t<\/div>\n\t\t\t\t\t\t<\/div>\n\t\t\t\t<\/div>\n\t\t<div class=\"elementor-element elementor-element-65225e0 e-flex e-con-boxed e-con e-child\" data-id=\"65225e0\" data-element_type=\"container\">\n\t\t\t\t\t<div class=\"e-con-inner\">\n\t\t\t\t<div class=\"elementor-element elementor-element-3676518 elementor-widget__width-inherit elementor-widget elementor-widget-heading\" data-id=\"3676518\" data-element_type=\"widget\" data-widget_type=\"heading.default\">\n\t\t\t\t<div class=\"elementor-widget-container\">\n\t\t\t\t\t<h2 class=\"elementor-heading-title elementor-size-default\">Passo a passo completo:<\/h2>\t\t\t\t<\/div>\n\t\t\t\t<\/div>\n\t\t\t\t<div class=\"elementor-element elementor-element-3cebf5e elementor-widget elementor-widget-image-box\" data-id=\"3cebf5e\" data-element_type=\"widget\" data-widget_type=\"image-box.default\">\n\t\t\t\t<div class=\"elementor-widget-container\">\n\t\t\t\t\t<div class=\"elementor-image-box-wrapper\"><div class=\"elementor-image-box-content\"><h3 class=\"elementor-image-box-title\">1 - Acesso Inicial<\/h3><p class=\"elementor-image-box-description\">Utilize uma VPN, como a Surf Shark, para acessar a Binance se estiver fora do Brasil.<br><br>Ao acessar o site da Binance, escolha sua melhor op\u00e7\u00e3o para realizar o cadastro. Escolha entre cadastro por n\u00famero de telefone, e-mail, conta Google ou conta Apple.<br><br>Caso a p\u00e1gina seja diferente, verifique se \u00e9 um cadastro para pessoa jur\u00eddica ou pessoa f\u00edsica.<\/p><\/div><\/div>\t\t\t\t<\/div>\n\t\t\t\t<\/div>\n\t\t\t\t<div class=\"elementor-element elementor-element-bb6e34f elementor-widget elementor-widget-image\" data-id=\"bb6e34f\" data-element_type=\"widget\" data-widget_type=\"image.default\">\n\t\t\t\t<div class=\"elementor-widget-container\">\n\t\t\t\t\t\t\t\t\t\t\t\t\t\t\t<img fetchpriority=\"high\" decoding=\"async\" width=\"729\" height=\"384\" src=\"https:\/\/305markets.com\/wp-content\/uploads\/2024\/01\/cadastro-binance-01.png\" class=\"attachment-large size-large wp-image-1768\" alt=\"\" srcset=\"https:\/\/305markets.com\/wp-content\/uploads\/2024\/01\/cadastro-binance-01.png 729w, https:\/\/305markets.com\/wp-content\/uploads\/2024\/01\/cadastro-binance-01-300x158.png 300w, https:\/\/305markets.com\/wp-content\/uploads\/2024\/01\/cadastro-binance-01-18x9.png 18w\" sizes=\"(max-width: 729px) 100vw, 729px\" \/>\t\t\t\t\t\t\t\t\t\t\t\t\t\t\t<\/div>\n\t\t\t\t<\/div>\n\t\t\t\t<div class=\"elementor-element elementor-element-b3fae9e elementor-widget elementor-widget-image-box\" data-id=\"b3fae9e\" data-element_type=\"widget\" data-widget_type=\"image-box.default\">\n\t\t\t\t<div class=\"elementor-widget-container\">\n\t\t\t\t\t<div class=\"elementor-image-box-wrapper\"><div class=\"elementor-image-box-content\"><h3 class=\"elementor-image-box-title\">2 - Verifica\u00e7\u00e3o por E-mail<\/h3><p class=\"elementor-image-box-description\"><b>Verifique seu e-mail cadastrado<\/b> para receber o c\u00f3digo de verifica\u00e7\u00e3o. <b>Insira o c\u00f3digo<\/b> na plataforma para concluir o cadastro.<\/p><\/div><\/div>\t\t\t\t<\/div>\n\t\t\t\t<\/div>\n\t\t\t\t<div class=\"elementor-element elementor-element-6d5c7cd elementor-widget elementor-widget-image\" data-id=\"6d5c7cd\" data-element_type=\"widget\" data-widget_type=\"image.default\">\n\t\t\t\t<div class=\"elementor-widget-container\">\n\t\t\t\t\t\t\t\t\t\t\t\t\t\t\t<img decoding=\"async\" width=\"359\" height=\"384\" src=\"https:\/\/305markets.com\/wp-content\/uploads\/2024\/01\/cadastro-binance-2.png\" class=\"attachment-large size-large wp-image-1769\" alt=\"\" srcset=\"https:\/\/305markets.com\/wp-content\/uploads\/2024\/01\/cadastro-binance-2.png 359w, https:\/\/305markets.com\/wp-content\/uploads\/2024\/01\/cadastro-binance-2-280x300.png 280w, https:\/\/305markets.com\/wp-content\/uploads\/2024\/01\/cadastro-binance-2-11x12.png 11w\" sizes=\"(max-width: 359px) 100vw, 359px\" \/>\t\t\t\t\t\t\t\t\t\t\t\t\t\t\t<\/div>\n\t\t\t\t<\/div>\n\t\t\t\t<div class=\"elementor-element elementor-element-6b6513a elementor-widget elementor-widget-image-box\" data-id=\"6b6513a\" data-element_type=\"widget\" data-widget_type=\"image-box.default\">\n\t\t\t\t<div class=\"elementor-widget-container\">\n\t\t\t\t\t<div class=\"elementor-image-box-wrapper\"><div class=\"elementor-image-box-content\"><h3 class=\"elementor-image-box-title\">3 - Identifica\u00e7\u00e3o Pessoal (pode ser feito mais tarde no app)<\/h3><p class=\"elementor-image-box-description\">Para verificar a identidade, ser\u00e3o necess\u00e1rias fotos da identidade, carteira de motorista ou passaporte.<\/p><\/div><\/div>\t\t\t\t<\/div>\n\t\t\t\t<\/div>\n\t\t\t\t<div class=\"elementor-element elementor-element-26dd16c elementor-widget elementor-widget-image\" data-id=\"26dd16c\" data-element_type=\"widget\" data-widget_type=\"image.default\">\n\t\t\t\t<div class=\"elementor-widget-container\">\n\t\t\t\t\t\t\t\t\t\t\t\t\t\t\t<img decoding=\"async\" width=\"676\" height=\"384\" src=\"https:\/\/305markets.com\/wp-content\/uploads\/2024\/01\/cadastro-binance-3.png\" class=\"attachment-large size-large wp-image-1779\" alt=\"\" srcset=\"https:\/\/305markets.com\/wp-content\/uploads\/2024\/01\/cadastro-binance-3.png 676w, https:\/\/305markets.com\/wp-content\/uploads\/2024\/01\/cadastro-binance-3-300x170.png 300w, https:\/\/305markets.com\/wp-content\/uploads\/2024\/01\/cadastro-binance-3-18x10.png 18w\" sizes=\"(max-width: 676px) 100vw, 676px\" \/>\t\t\t\t\t\t\t\t\t\t\t\t\t\t\t<\/div>\n\t\t\t\t<\/div>\n\t\t\t\t<div class=\"elementor-element elementor-element-5628bce elementor-widget elementor-widget-image-box\" data-id=\"5628bce\" data-element_type=\"widget\" data-widget_type=\"image-box.default\">\n\t\t\t\t<div class=\"elementor-widget-container\">\n\t\t\t\t\t<div class=\"elementor-image-box-wrapper\"><div class=\"elementor-image-box-content\"><h3 class=\"elementor-image-box-title\">4 - Transi\u00e7\u00e3o para o Aplicativo:<\/h3><p class=\"elementor-image-box-description\">Baixe o aplicativo Binance na Apple Store ou Play Store. Fa\u00e7a login <b>com as mesmas credenciais utilizadas no cadastro pelo computador.<\/b><\/p><\/div><\/div>\t\t\t\t<\/div>\n\t\t\t\t<\/div>\n\t\t\t\t<div class=\"elementor-element elementor-element-f4d5e8d elementor-widget elementor-widget-image\" data-id=\"f4d5e8d\" data-element_type=\"widget\" data-widget_type=\"image.default\">\n\t\t\t\t<div class=\"elementor-widget-container\">\n\t\t\t\t\t\t\t\t\t\t\t\t\t\t\t<img loading=\"lazy\" decoding=\"async\" width=\"359\" height=\"384\" src=\"https:\/\/305markets.com\/wp-content\/uploads\/2024\/01\/cadastro-binance-4.png\" class=\"attachment-large size-large wp-image-1787\" alt=\"\" srcset=\"https:\/\/305markets.com\/wp-content\/uploads\/2024\/01\/cadastro-binance-4.png 359w, https:\/\/305markets.com\/wp-content\/uploads\/2024\/01\/cadastro-binance-4-280x300.png 280w, https:\/\/305markets.com\/wp-content\/uploads\/2024\/01\/cadastro-binance-4-11x12.png 11w\" sizes=\"(max-width: 359px) 100vw, 359px\" \/>\t\t\t\t\t\t\t\t\t\t\t\t\t\t\t<\/div>\n\t\t\t\t<\/div>\n\t\t\t\t<div class=\"elementor-element elementor-element-4b43b03 elementor-widget elementor-widget-image-box\" data-id=\"4b43b03\" data-element_type=\"widget\" data-widget_type=\"image-box.default\">\n\t\t\t\t<div class=\"elementor-widget-container\">\n\t\t\t\t\t<div class=\"elementor-image-box-wrapper\"><div class=\"elementor-image-box-content\"><h3 class=\"elementor-image-box-title\">5 - Autoriza\u00e7\u00e3o de Dispositivo<\/h3><p class=\"elementor-image-box-description\">Autorize o novo dispositivo seguindo as instru\u00e7\u00f5es enviadas para o e-mail cadastrado.<\/p><\/div><\/div>\t\t\t\t<\/div>\n\t\t\t\t<\/div>\n\t\t\t\t<div class=\"elementor-element elementor-element-8808877 elementor-widget elementor-widget-image\" data-id=\"8808877\" data-element_type=\"widget\" data-widget_type=\"image.default\">\n\t\t\t\t<div class=\"elementor-widget-container\">\n\t\t\t\t\t\t\t\t\t\t\t\t\t\t\t<img loading=\"lazy\" decoding=\"async\" width=\"446\" height=\"476\" src=\"https:\/\/305markets.com\/wp-content\/uploads\/2024\/01\/cadastro-binance-5.png\" class=\"attachment-large size-large wp-image-1791\" alt=\"\" srcset=\"https:\/\/305markets.com\/wp-content\/uploads\/2024\/01\/cadastro-binance-5.png 446w, https:\/\/305markets.com\/wp-content\/uploads\/2024\/01\/cadastro-binance-5-281x300.png 281w, https:\/\/305markets.com\/wp-content\/uploads\/2024\/01\/cadastro-binance-5-11x12.png 11w\" sizes=\"(max-width: 446px) 100vw, 446px\" \/>\t\t\t\t\t\t\t\t\t\t\t\t\t\t\t<\/div>\n\t\t\t\t<\/div>\n\t\t\t\t<div class=\"elementor-element elementor-element-1e77810 elementor-widget elementor-widget-image-box\" data-id=\"1e77810\" data-element_type=\"widget\" data-widget_type=\"image-box.default\">\n\t\t\t\t<div class=\"elementor-widget-container\">\n\t\t\t\t\t<div class=\"elementor-image-box-wrapper\"><div class=\"elementor-image-box-content\"><h3 class=\"elementor-image-box-title\">6 - Acesso Completo<\/h3><p class=\"elementor-image-box-description\">Com a verifica\u00e7\u00e3o bem-sucedida, voc\u00ea ter\u00e1 acesso completo \u00e0 plataforma e poder\u00e1 realizar dep\u00f3sitos e opera\u00e7\u00f5es.<\/p><\/div><\/div>\t\t\t\t<\/div>\n\t\t\t\t<\/div>\n\t\t\t\t<div class=\"elementor-element elementor-element-100f7e4 elementor-widget elementor-widget-image\" data-id=\"100f7e4\" data-element_type=\"widget\" data-widget_type=\"image.default\">\n\t\t\t\t<div class=\"elementor-widget-container\">\n\t\t\t\t\t\t\t\t\t\t\t\t\t\t\t<img loading=\"lazy\" decoding=\"async\" width=\"445\" height=\"737\" src=\"https:\/\/305markets.com\/wp-content\/uploads\/2024\/01\/cadastro-binance-7.png\" class=\"attachment-large size-large wp-image-1799\" alt=\"\" srcset=\"https:\/\/305markets.com\/wp-content\/uploads\/2024\/01\/cadastro-binance-7.png 445w, https:\/\/305markets.com\/wp-content\/uploads\/2024\/01\/cadastro-binance-7-181x300.png 181w, https:\/\/305markets.com\/wp-content\/uploads\/2024\/01\/cadastro-binance-7-7x12.png 7w\" sizes=\"(max-width: 445px) 100vw, 445px\" \/>\t\t\t\t\t\t\t\t\t\t\t\t\t\t\t<\/div>\n\t\t\t\t<\/div>\n\t\t\t\t<div class=\"elementor-element elementor-element-cd06727 elementor-widget elementor-widget-image-box\" data-id=\"cd06727\" data-element_type=\"widget\" data-widget_type=\"image-box.default\">\n\t\t\t\t<div class=\"elementor-widget-container\">\n\t\t\t\t\t<div class=\"elementor-image-box-wrapper\"><div class=\"elementor-image-box-content\"><p class=\"elementor-image-box-description\">Lembre-se de seguir todas as instru\u00e7\u00f5es de seguran\u00e7a e verificar os dados antes de confirmar o cadastro e a verifica\u00e7\u00e3o de identidade.<\/p><\/div><\/div>\t\t\t\t<\/div>\n\t\t\t\t<\/div>\n\t\t\t\t\t<\/div>\n\t\t\t\t<\/div>\n\t\t\t\t\t<\/div>\n\t\t\t\t<\/div>\n\t\t\t\t\t<\/div>\n\t\t\t\t<\/div>\n\t\t\t\t<\/div>","protected":false},"excerpt":{"rendered":"<p>Como realizar seu cadastro na Binance Confira o passo a passo seguindo o video abaixo: https:\/\/vimeo.com\/861684904\/21254a5564?share=copy Passo a passo completo: 1 &#8211; Acesso Inicial Utilize uma VPN, como a Surf Shark, para acessar a Binance se estiver fora do Brasil. Ao acessar o site da Binance, escolha sua melhor op\u00e7\u00e3o para realizar o cadastro. Escolha [&hellip;]<\/p>","protected":false},"author":7,"featured_media":0,"parent":0,"menu_order":0,"comment_status":"closed","ping_status":"closed","template":"elementor_header_footer","meta":{"footnotes":""},"class_list":["post-1268","page","type-page","status-publish","hentry"],"_links":{"self":[{"href":"https:\/\/305markets.com\/es\/wp-json\/wp\/v2\/pages\/1268","targetHints":{"allow":["GET"]}}],"collection":[{"href":"https:\/\/305markets.com\/es\/wp-json\/wp\/v2\/pages"}],"about":[{"href":"https:\/\/305markets.com\/es\/wp-json\/wp\/v2\/types\/page"}],"author":[{"embeddable":true,"href":"https:\/\/305markets.com\/es\/wp-json\/wp\/v2\/users\/7"}],"replies":[{"embeddable":true,"href":"https:\/\/305markets.com\/es\/wp-json\/wp\/v2\/comments?post=1268"}],"version-history":[{"count":47,"href":"https:\/\/305markets.com\/es\/wp-json\/wp\/v2\/pages\/1268\/revisions"}],"predecessor-version":[{"id":1802,"href":"https:\/\/305markets.com\/es\/wp-json\/wp\/v2\/pages\/1268\/revisions\/1802"}],"wp:attachment":[{"href":"https:\/\/305markets.com\/es\/wp-json\/wp\/v2\/media?parent=1268"}],"curies":[{"name":"wp","href":"https:\/\/api.w.org\/{rel}","templated":true}]}}