{"id":1254,"date":"2023-10-11T20:57:48","date_gmt":"2023-10-11T20:57:48","guid":{"rendered":"https:\/\/305markets.com\/?page_id=1254"},"modified":"2023-12-27T16:59:46","modified_gmt":"2023-12-27T16:59:46","slug":"faq-aprovacao-kyc","status":"publish","type":"page","link":"https:\/\/305markets.com\/pt\/faq-aprovacao-kyc\/","title":{"rendered":"FAQ &#8211; Aprova\u00e7\u00e3o KYC"},"content":{"rendered":"<div data-elementor-type=\"wp-page\" data-elementor-id=\"1254\" class=\"elementor elementor-1254\" data-elementor-post-type=\"page\">\n\t\t\t\t<div class=\"elementor-element elementor-element-1d15787 e-flex e-con-boxed e-con e-parent\" data-id=\"1d15787\" data-element_type=\"container\">\n\t\t\t\t\t<div class=\"e-con-inner\">\n\t\t<div class=\"elementor-element elementor-element-6b5a410 e-con-full e-flex e-con e-child\" data-id=\"6b5a410\" data-element_type=\"container\" data-settings=\"{&quot;background_background&quot;:&quot;classic&quot;}\">\n\t\t\t\t<div class=\"elementor-element elementor-element-6a9dab2 elementor-nav-menu--dropdown-none elementor-widget elementor-widget-nav-menu\" data-id=\"6a9dab2\" data-element_type=\"widget\" data-settings=\"{&quot;layout&quot;:&quot;vertical&quot;,&quot;sticky&quot;:&quot;top&quot;,&quot;sticky_offset&quot;:100,&quot;sticky_parent&quot;:&quot;yes&quot;,&quot;submenu_icon&quot;:{&quot;value&quot;:&quot;&lt;svg class=\\&quot;e-font-icon-svg e-fas-caret-down\\&quot; viewBox=\\&quot;0 0 320 512\\&quot; xmlns=\\&quot;http:\\\/\\\/www.w3.org\\\/2000\\\/svg\\&quot;&gt;&lt;path d=\\&quot;M31.3 192h257.3c17.8 0 26.7 21.5 14.1 34.1L174.1 354.8c-7.8 7.8-20.5 7.8-28.3 0L17.2 226.1C4.6 213.5 13.5 192 31.3 192z\\&quot;&gt;&lt;\\\/path&gt;&lt;\\\/svg&gt;&quot;,&quot;library&quot;:&quot;fa-solid&quot;},&quot;sticky_on&quot;:[&quot;desktop&quot;,&quot;laptop&quot;,&quot;tablet&quot;,&quot;mobile&quot;],&quot;sticky_effects_offset&quot;:0,&quot;sticky_anchor_link_offset&quot;:0}\" data-widget_type=\"nav-menu.default\">\n\t\t\t\t<div class=\"elementor-widget-container\">\n\t\t\t\t\t\t\t\t<nav aria-label=\"Menu\" class=\"elementor-nav-menu--main elementor-nav-menu__container elementor-nav-menu--layout-vertical e--pointer-underline e--animation-fade\">\n\t\t\t\t<ul id=\"menu-1-6a9dab2\" class=\"elementor-nav-menu sm-vertical\"><li class=\"menu-item menu-item-type-post_type menu-item-object-page menu-item-1291\"><a href=\"https:\/\/305markets.com\/pt\/faq-cadastro-na-305-markets\/\" class=\"elementor-item\">Cadastro na 305 Markets<\/a><\/li>\n<li class=\"menu-item menu-item-type-post_type menu-item-object-page menu-item-1289\"><a href=\"https:\/\/305markets.com\/pt\/faq-aprovacao-kyc\/\" class=\"elementor-item\">Aprova\u00e7\u00e3o KYC<\/a><\/li>\n<li class=\"menu-item menu-item-type-post_type menu-item-object-page menu-item-1287\"><a href=\"https:\/\/305markets.com\/pt\/faq-como-fazer-depositos\/\" class=\"elementor-item\">Dep\u00f3sitos na Plataforma<\/a><\/li>\n<li class=\"menu-item menu-item-type-post_type menu-item-object-page menu-item-1284\"><a href=\"https:\/\/305markets.com\/pt\/faq-depositando-dinheiro-pelo-celular\/\" class=\"elementor-item\">Dep\u00f3sitos pelo celular<\/a><\/li>\n<li class=\"menu-item menu-item-type-post_type menu-item-object-page menu-item-1285\"><a href=\"https:\/\/305markets.com\/pt\/faq-operacao-conta-propria\/\" class=\"elementor-item\">Opera\u00e7\u00e3o por Conta Pr\u00f3pria<\/a><\/li>\n<li class=\"menu-item menu-item-type-post_type menu-item-object-page menu-item-1290\"><a href=\"https:\/\/305markets.com\/pt\/faq-operacoes-mam\/\" class=\"elementor-item\">Opera\u00e7\u00f5es MAM<\/a><\/li>\n<li class=\"menu-item menu-item-type-post_type menu-item-object-page menu-item-1281\"><a href=\"https:\/\/305markets.com\/pt\/faq-transferencia-e-saques\/\" class=\"elementor-item\">Transfer\u00eancia e Saques<\/a><\/li>\n<li class=\"menu-item menu-item-type-post_type menu-item-object-page menu-item-1282\"><a href=\"https:\/\/305markets.com\/pt\/faq-historico-das-operacoes\/\" class=\"elementor-item\">Hist\u00f3rico\u00a0das\u00a0Opera\u00e7\u00f5es<\/a><\/li>\n<li class=\"menu-item menu-item-type-post_type menu-item-object-page menu-item-1283\"><a href=\"https:\/\/305markets.com\/pt\/faq-trocando-o-seu-dinheiro-por-usdt\/\" class=\"elementor-item\">Trocando dinheiro por USDT<\/a><\/li>\n<li class=\"menu-item menu-item-type-post_type menu-item-object-page menu-item-1288\"><a href=\"https:\/\/305markets.com\/pt\/faq-como-depositar-no-binance\/\" class=\"elementor-item\">Dep\u00f3sito no Binance<\/a><\/li>\n<li class=\"menu-item menu-item-type-post_type menu-item-object-page menu-item-1286\"><a href=\"https:\/\/305markets.com\/pt\/faq-como-fazer-o-cadastro-no-binance\/\" class=\"elementor-item\">Cadastro no Binance<\/a><\/li>\n<li class=\"menu-item menu-item-type-post_type menu-item-object-page menu-item-1365\"><a href=\"https:\/\/305markets.com\/pt\/faq-como-baixar-o-mt5\/\" class=\"elementor-item\">Baixando o MT5<\/a><\/li>\n<li class=\"menu-item menu-item-type-post_type menu-item-object-page menu-item-1371\"><a href=\"https:\/\/305markets.com\/pt\/faq-como-acessar-o-mt5\/\" class=\"elementor-item\">Acessando o MT5<\/a><\/li>\n<li class=\"menu-item menu-item-type-post_type menu-item-object-page menu-item-1863\"><a href=\"https:\/\/305markets.com\/pt\/faq-exportar-relatorio-mt5\/\" class=\"elementor-item\">Exportar Relat\u00f3rio MT5<\/a><\/li>\n<\/ul>\t\t\t<\/nav>\n\t\t\t\t\t\t<nav class=\"elementor-nav-menu--dropdown elementor-nav-menu__container\" aria-hidden=\"true\">\n\t\t\t\t<ul id=\"menu-2-6a9dab2\" class=\"elementor-nav-menu sm-vertical\"><li class=\"menu-item menu-item-type-post_type menu-item-object-page menu-item-1291\"><a href=\"https:\/\/305markets.com\/pt\/faq-cadastro-na-305-markets\/\" class=\"elementor-item\" tabindex=\"-1\">Cadastro na 305 Markets<\/a><\/li>\n<li class=\"menu-item menu-item-type-post_type menu-item-object-page menu-item-1289\"><a href=\"https:\/\/305markets.com\/pt\/faq-aprovacao-kyc\/\" class=\"elementor-item\" tabindex=\"-1\">Aprova\u00e7\u00e3o KYC<\/a><\/li>\n<li class=\"menu-item menu-item-type-post_type menu-item-object-page menu-item-1287\"><a href=\"https:\/\/305markets.com\/pt\/faq-como-fazer-depositos\/\" class=\"elementor-item\" tabindex=\"-1\">Dep\u00f3sitos na Plataforma<\/a><\/li>\n<li class=\"menu-item menu-item-type-post_type menu-item-object-page menu-item-1284\"><a href=\"https:\/\/305markets.com\/pt\/faq-depositando-dinheiro-pelo-celular\/\" class=\"elementor-item\" tabindex=\"-1\">Dep\u00f3sitos pelo celular<\/a><\/li>\n<li class=\"menu-item menu-item-type-post_type menu-item-object-page menu-item-1285\"><a href=\"https:\/\/305markets.com\/pt\/faq-operacao-conta-propria\/\" class=\"elementor-item\" tabindex=\"-1\">Opera\u00e7\u00e3o por Conta Pr\u00f3pria<\/a><\/li>\n<li class=\"menu-item menu-item-type-post_type menu-item-object-page menu-item-1290\"><a href=\"https:\/\/305markets.com\/pt\/faq-operacoes-mam\/\" class=\"elementor-item\" tabindex=\"-1\">Opera\u00e7\u00f5es MAM<\/a><\/li>\n<li class=\"menu-item menu-item-type-post_type menu-item-object-page menu-item-1281\"><a href=\"https:\/\/305markets.com\/pt\/faq-transferencia-e-saques\/\" class=\"elementor-item\" tabindex=\"-1\">Transfer\u00eancia e Saques<\/a><\/li>\n<li class=\"menu-item menu-item-type-post_type menu-item-object-page menu-item-1282\"><a href=\"https:\/\/305markets.com\/pt\/faq-historico-das-operacoes\/\" class=\"elementor-item\" tabindex=\"-1\">Hist\u00f3rico\u00a0das\u00a0Opera\u00e7\u00f5es<\/a><\/li>\n<li class=\"menu-item menu-item-type-post_type menu-item-object-page menu-item-1283\"><a href=\"https:\/\/305markets.com\/pt\/faq-trocando-o-seu-dinheiro-por-usdt\/\" class=\"elementor-item\" tabindex=\"-1\">Trocando dinheiro por USDT<\/a><\/li>\n<li class=\"menu-item menu-item-type-post_type menu-item-object-page menu-item-1288\"><a href=\"https:\/\/305markets.com\/pt\/faq-como-depositar-no-binance\/\" class=\"elementor-item\" tabindex=\"-1\">Dep\u00f3sito no Binance<\/a><\/li>\n<li class=\"menu-item menu-item-type-post_type menu-item-object-page menu-item-1286\"><a href=\"https:\/\/305markets.com\/pt\/faq-como-fazer-o-cadastro-no-binance\/\" class=\"elementor-item\" tabindex=\"-1\">Cadastro no Binance<\/a><\/li>\n<li class=\"menu-item menu-item-type-post_type menu-item-object-page menu-item-1365\"><a href=\"https:\/\/305markets.com\/pt\/faq-como-baixar-o-mt5\/\" class=\"elementor-item\" tabindex=\"-1\">Baixando o MT5<\/a><\/li>\n<li class=\"menu-item menu-item-type-post_type menu-item-object-page menu-item-1371\"><a href=\"https:\/\/305markets.com\/pt\/faq-como-acessar-o-mt5\/\" class=\"elementor-item\" tabindex=\"-1\">Acessando o MT5<\/a><\/li>\n<li class=\"menu-item menu-item-type-post_type menu-item-object-page menu-item-1863\"><a href=\"https:\/\/305markets.com\/pt\/faq-exportar-relatorio-mt5\/\" class=\"elementor-item\" tabindex=\"-1\">Exportar Relat\u00f3rio MT5<\/a><\/li>\n<\/ul>\t\t\t<\/nav>\n\t\t\t\t\t\t<\/div>\n\t\t\t\t<\/div>\n\t\t\t\t<\/div>\n\t\t<div class=\"elementor-element elementor-element-4f0fffd e-flex e-con-boxed e-con e-child\" data-id=\"4f0fffd\" data-element_type=\"container\">\n\t\t\t\t\t<div class=\"e-con-inner\">\n\t\t\t\t<div class=\"elementor-element elementor-element-e2a3d6e elementor-widget__width-inherit elementor-widget elementor-widget-heading\" data-id=\"e2a3d6e\" data-element_type=\"widget\" data-widget_type=\"heading.default\">\n\t\t\t\t<div class=\"elementor-widget-container\">\n\t\t\t\t\t<h2 class=\"elementor-heading-title elementor-size-default\">Como fazer a aprova\u00e7\u00e3o KYC de dep\u00f3sito\u200b<\/h2>\t\t\t\t<\/div>\n\t\t\t\t<\/div>\n\t\t\t\t<div class=\"elementor-element elementor-element-ff1d4a9 elementor-widget elementor-widget-text-editor\" data-id=\"ff1d4a9\" data-element_type=\"widget\" data-widget_type=\"text-editor.default\">\n\t\t\t\t<div class=\"elementor-widget-container\">\n\t\t\t\t\t\t\t\t\t<p>Confira o passo a passo seguindo o video abaixo:<\/p>\t\t\t\t\t\t\t\t<\/div>\n\t\t\t\t<\/div>\n\t\t\t\t<div class=\"elementor-element elementor-element-e00dcb1 elementor-widget__width-initial elementor-widget elementor-widget-video\" data-id=\"e00dcb1\" data-element_type=\"widget\" data-settings=\"{&quot;video_type&quot;:&quot;vimeo&quot;,&quot;show_image_overlay&quot;:&quot;yes&quot;,&quot;image_overlay&quot;:{&quot;url&quot;:&quot;https:\\\/\\\/305markets.com\\\/wp-content\\\/uploads\\\/2023\\\/08\\\/thumb-faq-2-1.png&quot;,&quot;id&quot;:1030,&quot;size&quot;:&quot;&quot;,&quot;alt&quot;:&quot;&quot;,&quot;source&quot;:&quot;library&quot;}}\" data-widget_type=\"video.default\">\n\t\t\t\t<div class=\"elementor-widget-container\">\n\t\t\t\t\t\t\t<div class=\"elementor-wrapper elementor-open-inline\">\n\t\t\t<iframe class=\"elementor-video-iframe\" allowfullscreen allow=\"clipboard-write\" title=\"Reprodutor de v\u00eddeo vimeo\" src=\"https:\/\/player.vimeo.com\/video\/855824020?color&amp;autopause=0&amp;loop=0&amp;muted=0&amp;title=0&amp;portrait=0&amp;byline=0&amp;h=7f4e898e61#t=\"><\/iframe>\t\t\t\t<div class=\"elementor-custom-embed-image-overlay\" style=\"background-image: url(https:\/\/305markets.com\/wp-content\/uploads\/2023\/08\/thumb-faq-2-1.png);\">\n\t\t\t\t\t\t\t\t\t\t\t\t\t\t\t\t<div class=\"elementor-custom-embed-play\" role=\"button\" aria-label=\"Reproduzir v\u00eddeo\" tabindex=\"0\">\n\t\t\t\t\t\t\t<svg aria-hidden=\"true\" class=\"e-font-icon-svg e-eicon-play\" viewbox=\"0 0 1000 1000\" xmlns=\"http:\/\/www.w3.org\/2000\/svg\"><path d=\"M838 162C746 71 633 25 500 25 371 25 258 71 163 162 71 254 25 367 25 500 25 633 71 746 163 837 254 929 367 979 500 979 633 979 746 933 838 837 929 746 975 633 975 500 975 367 929 254 838 162M808 192C892 279 933 379 933 500 933 621 892 725 808 808 725 892 621 938 500 938 379 938 279 896 196 808 113 725 67 621 67 500 67 379 108 279 196 192 279 108 383 62 500 62 621 62 721 108 808 192M438 392V642L642 517 438 392Z\"><\/path><\/svg>\t\t\t\t\t\t<\/div>\n\t\t\t\t\t\t\t\t\t<\/div>\n\t\t\t\t\t<\/div>\n\t\t\t\t\t\t<\/div>\n\t\t\t\t<\/div>\n\t\t<div class=\"elementor-element elementor-element-790d0e2 e-flex e-con-boxed e-con e-child\" data-id=\"790d0e2\" data-element_type=\"container\">\n\t\t\t\t\t<div class=\"e-con-inner\">\n\t\t\t\t<div class=\"elementor-element elementor-element-fb6f324 elementor-widget__width-inherit elementor-widget elementor-widget-heading\" data-id=\"fb6f324\" data-element_type=\"widget\" data-widget_type=\"heading.default\">\n\t\t\t\t<div class=\"elementor-widget-container\">\n\t\t\t\t\t<h2 class=\"elementor-heading-title elementor-size-default\">Passo a passo completo:<\/h2>\t\t\t\t<\/div>\n\t\t\t\t<\/div>\n\t\t\t\t<div class=\"elementor-element elementor-element-306c278 elementor-widget elementor-widget-text-editor\" data-id=\"306c278\" data-element_type=\"widget\" data-widget_type=\"text-editor.default\">\n\t\t\t\t<div class=\"elementor-widget-container\">\n\t\t\t\t\t\t\t\t\t<p>Ao acessar a sua conta e entrar no dashboard, clique em <b>PROFILE <\/b>no canto esquerdo da tela, e depois em <b>VERIFICATION<\/b>.<\/p><p>Se n\u00e3o estiver verificado, clique em &#8220;<strong>Next Step<\/strong>&#8221; para iniciar o processo de aprova\u00e7\u00e3o.<\/p>\t\t\t\t\t\t\t\t<\/div>\n\t\t\t\t<\/div>\n\t\t\t\t<div class=\"elementor-element elementor-element-2e84efa elementor-widget elementor-widget-image\" data-id=\"2e84efa\" data-element_type=\"widget\" data-widget_type=\"image.default\">\n\t\t\t\t<div class=\"elementor-widget-container\">\n\t\t\t\t\t\t\t\t\t\t\t\t\t\t\t<img fetchpriority=\"high\" decoding=\"async\" width=\"800\" height=\"551\" src=\"https:\/\/305markets.com\/wp-content\/uploads\/2023\/12\/img-kyc-01.png\" class=\"attachment-large size-large wp-image-1545\" alt=\"\" srcset=\"https:\/\/305markets.com\/wp-content\/uploads\/2023\/12\/img-kyc-01.png 824w, https:\/\/305markets.com\/wp-content\/uploads\/2023\/12\/img-kyc-01-300x207.png 300w, https:\/\/305markets.com\/wp-content\/uploads\/2023\/12\/img-kyc-01-768x529.png 768w, https:\/\/305markets.com\/wp-content\/uploads\/2023\/12\/img-kyc-01-18x12.png 18w\" sizes=\"(max-width: 800px) 100vw, 800px\" \/>\t\t\t\t\t\t\t\t\t\t\t\t\t\t\t<\/div>\n\t\t\t\t<\/div>\n\t\t\t\t<div class=\"elementor-element elementor-element-674771b elementor-widget elementor-widget-text-editor\" data-id=\"674771b\" data-element_type=\"widget\" data-widget_type=\"text-editor.default\">\n\t\t\t\t<div class=\"elementor-widget-container\">\n\t\t\t\t\t\t\t\t\t<p>Na primeira parte da verifica\u00e7\u00e3o, s\u00e3o apresentadas as op\u00e7\u00f5es de documentos aceitos: RG, passaporte ou carteira de motorista. Escolha entre enviar <b>RG<\/b>, <b>passaporte <\/b>ou <b>carteira de motorista<\/b> para comprovar sua identidade.<\/p>\t\t\t\t\t\t\t\t<\/div>\n\t\t\t\t<\/div>\n\t\t\t\t<div class=\"elementor-element elementor-element-e10f3ef elementor-widget elementor-widget-image\" data-id=\"e10f3ef\" data-element_type=\"widget\" data-widget_type=\"image.default\">\n\t\t\t\t<div class=\"elementor-widget-container\">\n\t\t\t\t\t\t\t\t\t\t\t\t\t\t\t<img decoding=\"async\" width=\"800\" height=\"449\" src=\"https:\/\/305markets.com\/wp-content\/uploads\/2023\/12\/img-kyc-01-2-1024x575.png\" class=\"attachment-large size-large wp-image-1559\" alt=\"\" srcset=\"https:\/\/305markets.com\/wp-content\/uploads\/2023\/12\/img-kyc-01-2-1024x575.png 1024w, https:\/\/305markets.com\/wp-content\/uploads\/2023\/12\/img-kyc-01-2-300x168.png 300w, https:\/\/305markets.com\/wp-content\/uploads\/2023\/12\/img-kyc-01-2-768x431.png 768w, https:\/\/305markets.com\/wp-content\/uploads\/2023\/12\/img-kyc-01-2-18x10.png 18w, https:\/\/305markets.com\/wp-content\/uploads\/2023\/12\/img-kyc-01-2.png 1152w\" sizes=\"(max-width: 800px) 100vw, 800px\" \/>\t\t\t\t\t\t\t\t\t\t\t\t\t\t\t<\/div>\n\t\t\t\t<\/div>\n\t\t\t\t<div class=\"elementor-element elementor-element-85cb18a elementor-widget elementor-widget-text-editor\" data-id=\"85cb18a\" data-element_type=\"widget\" data-widget_type=\"text-editor.default\">\n\t\t\t\t<div class=\"elementor-widget-container\">\n\t\t\t\t\t\t\t\t\t<p>Na segunda etapa, ser\u00e1 necess\u00e1rio <b>comprovar seu endere\u00e7o<\/b>. Aceita-se qualquer conta que prove o endere\u00e7o e seja do Brasil.<\/p>\t\t\t\t\t\t\t\t<\/div>\n\t\t\t\t<\/div>\n\t\t\t\t<div class=\"elementor-element elementor-element-851e0f0 elementor-widget elementor-widget-image\" data-id=\"851e0f0\" data-element_type=\"widget\" data-widget_type=\"image.default\">\n\t\t\t\t<div class=\"elementor-widget-container\">\n\t\t\t\t\t\t\t\t\t\t\t\t\t\t\t<img decoding=\"async\" width=\"800\" height=\"449\" src=\"https:\/\/305markets.com\/wp-content\/uploads\/2023\/12\/img-kyc-02-1024x575.png\" class=\"attachment-large size-large wp-image-1560\" alt=\"\" srcset=\"https:\/\/305markets.com\/wp-content\/uploads\/2023\/12\/img-kyc-02-1024x575.png 1024w, https:\/\/305markets.com\/wp-content\/uploads\/2023\/12\/img-kyc-02-300x168.png 300w, https:\/\/305markets.com\/wp-content\/uploads\/2023\/12\/img-kyc-02-768x431.png 768w, https:\/\/305markets.com\/wp-content\/uploads\/2023\/12\/img-kyc-02-18x10.png 18w, https:\/\/305markets.com\/wp-content\/uploads\/2023\/12\/img-kyc-02.png 1152w\" sizes=\"(max-width: 800px) 100vw, 800px\" \/>\t\t\t\t\t\t\t\t\t\t\t\t\t\t\t<\/div>\n\t\t\t\t<\/div>\n\t\t\t\t<div class=\"elementor-element elementor-element-671bc96 elementor-widget elementor-widget-text-editor\" data-id=\"671bc96\" data-element_type=\"widget\" data-widget_type=\"text-editor.default\">\n\t\t\t\t<div class=\"elementor-widget-container\">\n\t\t\t\t\t\t\t\t\t<p><b>Tire uma selfie <\/b>conforme as instru\u00e7\u00f5es fornecidas. Certifique-se de seguir os padr\u00f5es estabelecidos.<\/p>\t\t\t\t\t\t\t\t<\/div>\n\t\t\t\t<\/div>\n\t\t\t\t<div class=\"elementor-element elementor-element-de5d5cf elementor-widget elementor-widget-image\" data-id=\"de5d5cf\" data-element_type=\"widget\" data-widget_type=\"image.default\">\n\t\t\t\t<div class=\"elementor-widget-container\">\n\t\t\t\t\t\t\t\t\t\t\t\t\t\t\t<img loading=\"lazy\" decoding=\"async\" width=\"800\" height=\"449\" src=\"https:\/\/305markets.com\/wp-content\/uploads\/2023\/12\/img-kyc-03-1024x575.png\" class=\"attachment-large size-large wp-image-1561\" alt=\"\" srcset=\"https:\/\/305markets.com\/wp-content\/uploads\/2023\/12\/img-kyc-03-1024x575.png 1024w, https:\/\/305markets.com\/wp-content\/uploads\/2023\/12\/img-kyc-03-300x168.png 300w, https:\/\/305markets.com\/wp-content\/uploads\/2023\/12\/img-kyc-03-768x431.png 768w, https:\/\/305markets.com\/wp-content\/uploads\/2023\/12\/img-kyc-03-18x10.png 18w, https:\/\/305markets.com\/wp-content\/uploads\/2023\/12\/img-kyc-03.png 1152w\" sizes=\"(max-width: 800px) 100vw, 800px\" \/>\t\t\t\t\t\t\t\t\t\t\t\t\t\t\t<\/div>\n\t\t\t\t<\/div>\n\t\t\t\t<div class=\"elementor-element elementor-element-356b982 elementor-widget elementor-widget-text-editor\" data-id=\"356b982\" data-element_type=\"widget\" data-widget_type=\"text-editor.default\">\n\t\t\t\t<div class=\"elementor-widget-container\">\n\t\t\t\t\t\t\t\t\t<p>Ap\u00f3s o envio, <b>sua solicita\u00e7\u00e3o ser\u00e1 submetida \u00e0 an\u00e1lise<\/b>. Aguarde a aprova\u00e7\u00e3o, que pode levar de 1 a 2 dias, dependendo da demanda.<\/p>\t\t\t\t\t\t\t\t<\/div>\n\t\t\t\t<\/div>\n\t\t\t\t<div class=\"elementor-element elementor-element-3fbd011 elementor-widget elementor-widget-image\" data-id=\"3fbd011\" data-element_type=\"widget\" data-widget_type=\"image.default\">\n\t\t\t\t<div class=\"elementor-widget-container\">\n\t\t\t\t\t\t\t\t\t\t\t\t\t\t\t<img loading=\"lazy\" decoding=\"async\" width=\"800\" height=\"449\" src=\"https:\/\/305markets.com\/wp-content\/uploads\/2023\/12\/img-kyc-4-1024x575.png\" class=\"attachment-large size-large wp-image-1565\" alt=\"\" srcset=\"https:\/\/305markets.com\/wp-content\/uploads\/2023\/12\/img-kyc-4-1024x575.png 1024w, https:\/\/305markets.com\/wp-content\/uploads\/2023\/12\/img-kyc-4-300x168.png 300w, https:\/\/305markets.com\/wp-content\/uploads\/2023\/12\/img-kyc-4-768x431.png 768w, https:\/\/305markets.com\/wp-content\/uploads\/2023\/12\/img-kyc-4-18x10.png 18w, https:\/\/305markets.com\/wp-content\/uploads\/2023\/12\/img-kyc-4.png 1152w\" sizes=\"(max-width: 800px) 100vw, 800px\" \/>\t\t\t\t\t\t\t\t\t\t\t\t\t\t\t<\/div>\n\t\t\t\t<\/div>\n\t\t\t\t<div class=\"elementor-element elementor-element-99e1518 elementor-widget elementor-widget-text-editor\" data-id=\"99e1518\" data-element_type=\"widget\" data-widget_type=\"text-editor.default\">\n\t\t\t\t<div class=\"elementor-widget-container\">\n\t\t\t\t\t\t\t\t\t<p>Uma vez aprovado, voc\u00ea receber\u00e1 um e-mail<b> confirmando a aprova\u00e7\u00e3o<\/b> do seu QC (verifica\u00e7\u00e3o).<\/p><p>O e-mail incluir\u00e1 uma mensagem indicando que a verifica\u00e7\u00e3o foi bem-sucedida.<\/p>\t\t\t\t\t\t\t\t<\/div>\n\t\t\t\t<\/div>\n\t\t\t\t<div class=\"elementor-element elementor-element-4bfd033 elementor-widget elementor-widget-image\" data-id=\"4bfd033\" data-element_type=\"widget\" data-widget_type=\"image.default\">\n\t\t\t\t<div class=\"elementor-widget-container\">\n\t\t\t\t\t\t\t\t\t\t\t\t\t\t\t<img loading=\"lazy\" decoding=\"async\" width=\"800\" height=\"449\" src=\"https:\/\/305markets.com\/wp-content\/uploads\/2023\/12\/img-kyc-5-1024x575.png\" class=\"attachment-large size-large wp-image-1570\" alt=\"\" srcset=\"https:\/\/305markets.com\/wp-content\/uploads\/2023\/12\/img-kyc-5-1024x575.png 1024w, https:\/\/305markets.com\/wp-content\/uploads\/2023\/12\/img-kyc-5-300x168.png 300w, https:\/\/305markets.com\/wp-content\/uploads\/2023\/12\/img-kyc-5-768x431.png 768w, https:\/\/305markets.com\/wp-content\/uploads\/2023\/12\/img-kyc-5-18x10.png 18w, https:\/\/305markets.com\/wp-content\/uploads\/2023\/12\/img-kyc-5.png 1152w\" sizes=\"(max-width: 800px) 100vw, 800px\" \/>\t\t\t\t\t\t\t\t\t\t\t\t\t\t\t<\/div>\n\t\t\t\t<\/div>\n\t\t\t\t<div class=\"elementor-element elementor-element-2861180 elementor-widget elementor-widget-text-editor\" data-id=\"2861180\" data-element_type=\"widget\" data-widget_type=\"text-editor.default\">\n\t\t\t\t<div class=\"elementor-widget-container\">\n\t\t\t\t\t\t\t\t\t<p>Volte \u00e0 p\u00e1gina de verifica\u00e7\u00e3o e atualize-a para verificar que todas as permiss\u00f5es agora est\u00e3o ativas.<\/p>\t\t\t\t\t\t\t\t<\/div>\n\t\t\t\t<\/div>\n\t\t\t\t<div class=\"elementor-element elementor-element-3718658 elementor-widget elementor-widget-image\" data-id=\"3718658\" data-element_type=\"widget\" data-widget_type=\"image.default\">\n\t\t\t\t<div class=\"elementor-widget-container\">\n\t\t\t\t\t\t\t\t\t\t\t\t\t\t\t<img loading=\"lazy\" decoding=\"async\" width=\"800\" height=\"449\" src=\"https:\/\/305markets.com\/wp-content\/uploads\/2023\/12\/img-kyc-6-1024x575.png\" class=\"attachment-large size-large wp-image-1574\" alt=\"\" srcset=\"https:\/\/305markets.com\/wp-content\/uploads\/2023\/12\/img-kyc-6-1024x575.png 1024w, https:\/\/305markets.com\/wp-content\/uploads\/2023\/12\/img-kyc-6-300x168.png 300w, https:\/\/305markets.com\/wp-content\/uploads\/2023\/12\/img-kyc-6-768x431.png 768w, https:\/\/305markets.com\/wp-content\/uploads\/2023\/12\/img-kyc-6-18x10.png 18w, https:\/\/305markets.com\/wp-content\/uploads\/2023\/12\/img-kyc-6.png 1152w\" sizes=\"(max-width: 800px) 100vw, 800px\" \/>\t\t\t\t\t\t\t\t\t\t\t\t\t\t\t<\/div>\n\t\t\t\t<\/div>\n\t\t\t\t<div class=\"elementor-element elementor-element-4e7e9f0 elementor-widget elementor-widget-text-editor\" data-id=\"4e7e9f0\" data-element_type=\"widget\" data-widget_type=\"text-editor.default\">\n\t\t\t\t<div class=\"elementor-widget-container\">\n\t\t\t\t\t\t\t\t\t<p><strong>Parab\u00e9ns<\/strong>! Voc\u00ea concluiu o processo de aprova\u00e7\u00e3o de dep\u00f3sito KYC. Agora, todas as permiss\u00f5es est\u00e3o<b> ativas<\/b> para uso na plataforma.<\/p>\n<p>Esse passo a passo visa simplificar o processo de aprova\u00e7\u00e3o, tornando-o f\u00e1cil de entender e seguir.<\/p>\t\t\t\t\t\t\t\t<\/div>\n\t\t\t\t<\/div>\n\t\t\t\t\t<\/div>\n\t\t\t\t<\/div>\n\t\t\t\t\t<\/div>\n\t\t\t\t<\/div>\n\t\t\t\t\t<\/div>\n\t\t\t\t<\/div>\n\t\t\t\t<\/div>","protected":false},"excerpt":{"rendered":"<p>Como fazer a aprova\u00e7\u00e3o KYC de dep\u00f3sito\u200b Confira o passo a passo seguindo o video abaixo: https:\/\/vimeo.com\/855824020\/7f4e898e61?share=copy Passo a passo completo: Ao acessar a sua conta e entrar no dashboard, clique em PROFILE no canto esquerdo da tela, e depois em VERIFICATION. Se n\u00e3o estiver verificado, clique em &#8220;Next Step&#8221; para iniciar o processo de [&hellip;]<\/p>","protected":false},"author":7,"featured_media":0,"parent":0,"menu_order":0,"comment_status":"closed","ping_status":"closed","template":"elementor_header_footer","meta":{"footnotes":""},"class_list":["post-1254","page","type-page","status-publish","hentry"],"_links":{"self":[{"href":"https:\/\/305markets.com\/pt\/wp-json\/wp\/v2\/pages\/1254","targetHints":{"allow":["GET"]}}],"collection":[{"href":"https:\/\/305markets.com\/pt\/wp-json\/wp\/v2\/pages"}],"about":[{"href":"https:\/\/305markets.com\/pt\/wp-json\/wp\/v2\/types\/page"}],"author":[{"embeddable":true,"href":"https:\/\/305markets.com\/pt\/wp-json\/wp\/v2\/users\/7"}],"replies":[{"embeddable":true,"href":"https:\/\/305markets.com\/pt\/wp-json\/wp\/v2\/comments?post=1254"}],"version-history":[{"count":31,"href":"https:\/\/305markets.com\/pt\/wp-json\/wp\/v2\/pages\/1254\/revisions"}],"predecessor-version":[{"id":1577,"href":"https:\/\/305markets.com\/pt\/wp-json\/wp\/v2\/pages\/1254\/revisions\/1577"}],"wp:attachment":[{"href":"https:\/\/305markets.com\/pt\/wp-json\/wp\/v2\/media?parent=1254"}],"curies":[{"name":"wp","href":"https:\/\/api.w.org\/{rel}","templated":true}]}}