{"id":1262,"date":"2023-10-11T20:59:46","date_gmt":"2023-10-11T20:59:46","guid":{"rendered":"https:\/\/305markets.com\/?page_id=1262"},"modified":"2024-01-08T14:18:52","modified_gmt":"2024-01-08T14:18:52","slug":"faq-transferencia-e-saques","status":"publish","type":"page","link":"https:\/\/305markets.com\/pt\/faq-transferencia-e-saques\/","title":{"rendered":"FAQ &#8211; Transfer\u00eancia e Saques"},"content":{"rendered":"<div data-elementor-type=\"wp-page\" data-elementor-id=\"1262\" class=\"elementor elementor-1262\" data-elementor-post-type=\"page\">\n\t\t\t\t<div class=\"elementor-element elementor-element-1d15787 e-flex e-con-boxed e-con e-parent\" data-id=\"1d15787\" data-element_type=\"container\">\n\t\t\t\t\t<div class=\"e-con-inner\">\n\t\t<div class=\"elementor-element elementor-element-6b5a410 e-con-full e-flex e-con e-child\" data-id=\"6b5a410\" data-element_type=\"container\" data-settings=\"{&quot;background_background&quot;:&quot;classic&quot;}\">\n\t\t\t\t<div class=\"elementor-element elementor-element-cec56ed elementor-nav-menu--dropdown-none elementor-widget elementor-widget-nav-menu\" data-id=\"cec56ed\" data-element_type=\"widget\" data-settings=\"{&quot;layout&quot;:&quot;vertical&quot;,&quot;sticky&quot;:&quot;top&quot;,&quot;sticky_offset&quot;:100,&quot;sticky_parent&quot;:&quot;yes&quot;,&quot;submenu_icon&quot;:{&quot;value&quot;:&quot;&lt;svg class=\\&quot;e-font-icon-svg e-fas-caret-down\\&quot; viewBox=\\&quot;0 0 320 512\\&quot; xmlns=\\&quot;http:\\\/\\\/www.w3.org\\\/2000\\\/svg\\&quot;&gt;&lt;path d=\\&quot;M31.3 192h257.3c17.8 0 26.7 21.5 14.1 34.1L174.1 354.8c-7.8 7.8-20.5 7.8-28.3 0L17.2 226.1C4.6 213.5 13.5 192 31.3 192z\\&quot;&gt;&lt;\\\/path&gt;&lt;\\\/svg&gt;&quot;,&quot;library&quot;:&quot;fa-solid&quot;},&quot;sticky_on&quot;:[&quot;desktop&quot;,&quot;laptop&quot;,&quot;tablet&quot;,&quot;mobile&quot;],&quot;sticky_effects_offset&quot;:0,&quot;sticky_anchor_link_offset&quot;:0}\" data-widget_type=\"nav-menu.default\">\n\t\t\t\t<div class=\"elementor-widget-container\">\n\t\t\t\t\t\t\t\t<nav aria-label=\"Menu\" class=\"elementor-nav-menu--main elementor-nav-menu__container elementor-nav-menu--layout-vertical e--pointer-underline e--animation-fade\">\n\t\t\t\t<ul id=\"menu-1-cec56ed\" class=\"elementor-nav-menu sm-vertical\"><li class=\"menu-item menu-item-type-post_type menu-item-object-page menu-item-1291\"><a href=\"https:\/\/305markets.com\/pt\/faq-cadastro-na-305-markets\/\" class=\"elementor-item\">Cadastro na 305 Markets<\/a><\/li>\n<li class=\"menu-item menu-item-type-post_type menu-item-object-page menu-item-1289\"><a href=\"https:\/\/305markets.com\/pt\/faq-aprovacao-kyc\/\" class=\"elementor-item\">Aprova\u00e7\u00e3o KYC<\/a><\/li>\n<li class=\"menu-item menu-item-type-post_type menu-item-object-page menu-item-1287\"><a href=\"https:\/\/305markets.com\/pt\/faq-como-fazer-depositos\/\" class=\"elementor-item\">Dep\u00f3sitos na Plataforma<\/a><\/li>\n<li class=\"menu-item menu-item-type-post_type menu-item-object-page menu-item-1284\"><a href=\"https:\/\/305markets.com\/pt\/faq-depositando-dinheiro-pelo-celular\/\" class=\"elementor-item\">Dep\u00f3sitos pelo celular<\/a><\/li>\n<li class=\"menu-item menu-item-type-post_type menu-item-object-page menu-item-1285\"><a href=\"https:\/\/305markets.com\/pt\/faq-operacao-conta-propria\/\" class=\"elementor-item\">Opera\u00e7\u00e3o por Conta Pr\u00f3pria<\/a><\/li>\n<li class=\"menu-item menu-item-type-post_type menu-item-object-page menu-item-1290\"><a href=\"https:\/\/305markets.com\/pt\/faq-operacoes-mam\/\" class=\"elementor-item\">Opera\u00e7\u00f5es MAM<\/a><\/li>\n<li class=\"menu-item menu-item-type-post_type menu-item-object-page menu-item-1281\"><a href=\"https:\/\/305markets.com\/pt\/faq-transferencia-e-saques\/\" class=\"elementor-item\">Transfer\u00eancia e Saques<\/a><\/li>\n<li class=\"menu-item menu-item-type-post_type menu-item-object-page menu-item-1282\"><a href=\"https:\/\/305markets.com\/pt\/faq-historico-das-operacoes\/\" class=\"elementor-item\">Hist\u00f3rico\u00a0das\u00a0Opera\u00e7\u00f5es<\/a><\/li>\n<li class=\"menu-item menu-item-type-post_type menu-item-object-page menu-item-1283\"><a href=\"https:\/\/305markets.com\/pt\/faq-trocando-o-seu-dinheiro-por-usdt\/\" class=\"elementor-item\">Trocando dinheiro por USDT<\/a><\/li>\n<li class=\"menu-item menu-item-type-post_type menu-item-object-page menu-item-1288\"><a href=\"https:\/\/305markets.com\/pt\/faq-como-depositar-no-binance\/\" class=\"elementor-item\">Dep\u00f3sito no Binance<\/a><\/li>\n<li class=\"menu-item menu-item-type-post_type menu-item-object-page menu-item-1286\"><a href=\"https:\/\/305markets.com\/pt\/faq-como-fazer-o-cadastro-no-binance\/\" class=\"elementor-item\">Cadastro no Binance<\/a><\/li>\n<li class=\"menu-item menu-item-type-post_type menu-item-object-page menu-item-1365\"><a href=\"https:\/\/305markets.com\/pt\/faq-como-baixar-o-mt5\/\" class=\"elementor-item\">Baixando o MT5<\/a><\/li>\n<li class=\"menu-item menu-item-type-post_type menu-item-object-page menu-item-1371\"><a href=\"https:\/\/305markets.com\/pt\/faq-como-acessar-o-mt5\/\" class=\"elementor-item\">Acessando o MT5<\/a><\/li>\n<li class=\"menu-item menu-item-type-post_type menu-item-object-page menu-item-1863\"><a href=\"https:\/\/305markets.com\/pt\/faq-exportar-relatorio-mt5\/\" class=\"elementor-item\">Exportar Relat\u00f3rio MT5<\/a><\/li>\n<\/ul>\t\t\t<\/nav>\n\t\t\t\t\t\t<nav class=\"elementor-nav-menu--dropdown elementor-nav-menu__container\" aria-hidden=\"true\">\n\t\t\t\t<ul id=\"menu-2-cec56ed\" class=\"elementor-nav-menu sm-vertical\"><li class=\"menu-item menu-item-type-post_type menu-item-object-page menu-item-1291\"><a href=\"https:\/\/305markets.com\/pt\/faq-cadastro-na-305-markets\/\" class=\"elementor-item\" tabindex=\"-1\">Cadastro na 305 Markets<\/a><\/li>\n<li class=\"menu-item menu-item-type-post_type menu-item-object-page menu-item-1289\"><a href=\"https:\/\/305markets.com\/pt\/faq-aprovacao-kyc\/\" class=\"elementor-item\" tabindex=\"-1\">Aprova\u00e7\u00e3o KYC<\/a><\/li>\n<li class=\"menu-item menu-item-type-post_type menu-item-object-page menu-item-1287\"><a href=\"https:\/\/305markets.com\/pt\/faq-como-fazer-depositos\/\" class=\"elementor-item\" tabindex=\"-1\">Dep\u00f3sitos na Plataforma<\/a><\/li>\n<li class=\"menu-item menu-item-type-post_type menu-item-object-page menu-item-1284\"><a href=\"https:\/\/305markets.com\/pt\/faq-depositando-dinheiro-pelo-celular\/\" class=\"elementor-item\" tabindex=\"-1\">Dep\u00f3sitos pelo celular<\/a><\/li>\n<li class=\"menu-item menu-item-type-post_type menu-item-object-page menu-item-1285\"><a href=\"https:\/\/305markets.com\/pt\/faq-operacao-conta-propria\/\" class=\"elementor-item\" tabindex=\"-1\">Opera\u00e7\u00e3o por Conta Pr\u00f3pria<\/a><\/li>\n<li class=\"menu-item menu-item-type-post_type menu-item-object-page menu-item-1290\"><a href=\"https:\/\/305markets.com\/pt\/faq-operacoes-mam\/\" class=\"elementor-item\" tabindex=\"-1\">Opera\u00e7\u00f5es MAM<\/a><\/li>\n<li class=\"menu-item menu-item-type-post_type menu-item-object-page menu-item-1281\"><a href=\"https:\/\/305markets.com\/pt\/faq-transferencia-e-saques\/\" class=\"elementor-item\" tabindex=\"-1\">Transfer\u00eancia e Saques<\/a><\/li>\n<li class=\"menu-item menu-item-type-post_type menu-item-object-page menu-item-1282\"><a href=\"https:\/\/305markets.com\/pt\/faq-historico-das-operacoes\/\" class=\"elementor-item\" tabindex=\"-1\">Hist\u00f3rico\u00a0das\u00a0Opera\u00e7\u00f5es<\/a><\/li>\n<li class=\"menu-item menu-item-type-post_type menu-item-object-page menu-item-1283\"><a href=\"https:\/\/305markets.com\/pt\/faq-trocando-o-seu-dinheiro-por-usdt\/\" class=\"elementor-item\" tabindex=\"-1\">Trocando dinheiro por USDT<\/a><\/li>\n<li class=\"menu-item menu-item-type-post_type menu-item-object-page menu-item-1288\"><a href=\"https:\/\/305markets.com\/pt\/faq-como-depositar-no-binance\/\" class=\"elementor-item\" tabindex=\"-1\">Dep\u00f3sito no Binance<\/a><\/li>\n<li class=\"menu-item menu-item-type-post_type menu-item-object-page menu-item-1286\"><a href=\"https:\/\/305markets.com\/pt\/faq-como-fazer-o-cadastro-no-binance\/\" class=\"elementor-item\" tabindex=\"-1\">Cadastro no Binance<\/a><\/li>\n<li class=\"menu-item menu-item-type-post_type menu-item-object-page menu-item-1365\"><a href=\"https:\/\/305markets.com\/pt\/faq-como-baixar-o-mt5\/\" class=\"elementor-item\" tabindex=\"-1\">Baixando o MT5<\/a><\/li>\n<li class=\"menu-item menu-item-type-post_type menu-item-object-page menu-item-1371\"><a href=\"https:\/\/305markets.com\/pt\/faq-como-acessar-o-mt5\/\" class=\"elementor-item\" tabindex=\"-1\">Acessando o MT5<\/a><\/li>\n<li class=\"menu-item menu-item-type-post_type menu-item-object-page menu-item-1863\"><a href=\"https:\/\/305markets.com\/pt\/faq-exportar-relatorio-mt5\/\" class=\"elementor-item\" tabindex=\"-1\">Exportar Relat\u00f3rio MT5<\/a><\/li>\n<\/ul>\t\t\t<\/nav>\n\t\t\t\t\t\t<\/div>\n\t\t\t\t<\/div>\n\t\t\t\t<\/div>\n\t\t<div class=\"elementor-element elementor-element-4f0fffd e-flex e-con-boxed e-con e-child\" data-id=\"4f0fffd\" data-element_type=\"container\">\n\t\t\t\t\t<div class=\"e-con-inner\">\n\t\t\t\t<div class=\"elementor-element elementor-element-0ec5afe elementor-widget__width-inherit elementor-widget elementor-widget-heading\" data-id=\"0ec5afe\" data-element_type=\"widget\" data-widget_type=\"heading.default\">\n\t\t\t\t<div class=\"elementor-widget-container\">\n\t\t\t\t\t<h2 class=\"elementor-heading-title elementor-size-default\">Como transferir e sacar os recursos<\/h2>\t\t\t\t<\/div>\n\t\t\t\t<\/div>\n\t\t\t\t<div class=\"elementor-element elementor-element-ff1d4a9 elementor-widget elementor-widget-text-editor\" data-id=\"ff1d4a9\" data-element_type=\"widget\" data-widget_type=\"text-editor.default\">\n\t\t\t\t<div class=\"elementor-widget-container\">\n\t\t\t\t\t\t\t\t\t<p>Confira o passo a passo seguindo o video abaixo:<\/p>\t\t\t\t\t\t\t\t<\/div>\n\t\t\t\t<\/div>\n\t\t\t\t<div class=\"elementor-element elementor-element-c2b8eda elementor-widget elementor-widget-video\" data-id=\"c2b8eda\" data-element_type=\"widget\" data-settings=\"{&quot;video_type&quot;:&quot;vimeo&quot;,&quot;show_image_overlay&quot;:&quot;yes&quot;,&quot;image_overlay&quot;:{&quot;url&quot;:&quot;https:\\\/\\\/305markets.com\\\/wp-content\\\/uploads\\\/2023\\\/08\\\/thumb-faq-3-1-1.png&quot;,&quot;id&quot;:1058,&quot;size&quot;:&quot;&quot;,&quot;alt&quot;:&quot;&quot;,&quot;source&quot;:&quot;library&quot;}}\" data-widget_type=\"video.default\">\n\t\t\t\t<div class=\"elementor-widget-container\">\n\t\t\t\t\t\t\t<div class=\"elementor-wrapper elementor-open-inline\">\n\t\t\t<iframe class=\"elementor-video-iframe\" allowfullscreen allow=\"clipboard-write\" title=\"Reprodutor de v\u00eddeo de vimeo\" src=\"https:\/\/player.vimeo.com\/video\/856769592?color&amp;autopause=0&amp;loop=0&amp;muted=0&amp;title=0&amp;portrait=0&amp;byline=0&amp;h=1aadbab193#t=\" data-no-translation-title=\"\"><\/iframe>\t\t\t\t<div class=\"elementor-custom-embed-image-overlay\" style=\"background-image: url(https:\/\/305markets.com\/wp-content\/uploads\/2023\/08\/thumb-faq-3-1-1.png);\">\n\t\t\t\t\t\t\t\t\t\t\t\t\t\t\t\t<div class=\"elementor-custom-embed-play\" role=\"button\" aria-label=\"Reproduzir v\u00eddeo\" tabindex=\"0\" data-no-translation-aria-label=\"\">\n\t\t\t\t\t\t\t<svg aria-hidden=\"true\" class=\"e-font-icon-svg e-eicon-play\" viewbox=\"0 0 1000 1000\" xmlns=\"http:\/\/www.w3.org\/2000\/svg\"><path d=\"M838 162C746 71 633 25 500 25 371 25 258 71 163 162 71 254 25 367 25 500 25 633 71 746 163 837 254 929 367 979 500 979 633 979 746 933 838 837 929 746 975 633 975 500 975 367 929 254 838 162M808 192C892 279 933 379 933 500 933 621 892 725 808 808 725 892 621 938 500 938 379 938 279 896 196 808 113 725 67 621 67 500 67 379 108 279 196 192 279 108 383 62 500 62 621 62 721 108 808 192M438 392V642L642 517 438 392Z\"><\/path><\/svg>\t\t\t\t\t\t<\/div>\n\t\t\t\t\t\t\t\t\t<\/div>\n\t\t\t\t\t<\/div>\n\t\t\t\t\t\t<\/div>\n\t\t\t\t<\/div>\n\t\t<div class=\"elementor-element elementor-element-f6bd905 e-flex e-con-boxed e-con e-child\" data-id=\"f6bd905\" data-element_type=\"container\">\n\t\t\t\t\t<div class=\"e-con-inner\">\n\t\t\t\t<div class=\"elementor-element elementor-element-e04d03b elementor-widget__width-inherit elementor-widget elementor-widget-heading\" data-id=\"e04d03b\" data-element_type=\"widget\" data-widget_type=\"heading.default\">\n\t\t\t\t<div class=\"elementor-widget-container\">\n\t\t\t\t\t<h2 class=\"elementor-heading-title elementor-size-default\">Passo a passo completo:<\/h2>\t\t\t\t<\/div>\n\t\t\t\t<\/div>\n\t\t\t\t<div class=\"elementor-element elementor-element-a501385 elementor-widget elementor-widget-image-box\" data-id=\"a501385\" data-element_type=\"widget\" data-widget_type=\"image-box.default\">\n\t\t\t\t<div class=\"elementor-widget-container\">\n\t\t\t\t\t<div class=\"elementor-image-box-wrapper\"><div class=\"elementor-image-box-content\"><h3 class=\"elementor-image-box-title\">1 - Acesso ao Dashboard<\/h3><p class=\"elementor-image-box-description\">No dashboard do MetaTrader, v\u00e1 para \"<b>Trading Platforms<\/b>\" e acesse a plataforma MT5.<br><br>Se j\u00e1 criou sua conta para opera\u00e7\u00f5es manuais e autom\u00e1ticas, v\u00e1 at\u00e9 a se\u00e7\u00e3o \"<b>MT5<\/b>\" e acesse a conta criada.<\/p><\/div><\/div>\t\t\t\t<\/div>\n\t\t\t\t<\/div>\n\t\t\t\t<div class=\"elementor-element elementor-element-40ecb14 elementor-widget elementor-widget-image\" data-id=\"40ecb14\" data-element_type=\"widget\" data-widget_type=\"image.default\">\n\t\t\t\t<div class=\"elementor-widget-container\">\n\t\t\t\t\t\t\t\t\t\t\t\t\t\t\t<img fetchpriority=\"high\" decoding=\"async\" width=\"651\" height=\"510\" src=\"https:\/\/305markets.com\/wp-content\/uploads\/2023\/12\/transfer-1.png\" class=\"attachment-large size-large wp-image-1695\" alt=\"\" srcset=\"https:\/\/305markets.com\/wp-content\/uploads\/2023\/12\/transfer-1.png 651w, https:\/\/305markets.com\/wp-content\/uploads\/2023\/12\/transfer-1-300x235.png 300w, https:\/\/305markets.com\/wp-content\/uploads\/2023\/12\/transfer-1-15x12.png 15w\" sizes=\"(max-width: 651px) 100vw, 651px\" \/>\t\t\t\t\t\t\t\t\t\t\t\t\t\t\t<\/div>\n\t\t\t\t<\/div>\n\t\t\t\t<div class=\"elementor-element elementor-element-0cb2aee elementor-widget elementor-widget-image-box\" data-id=\"0cb2aee\" data-element_type=\"widget\" data-widget_type=\"image-box.default\">\n\t\t\t\t<div class=\"elementor-widget-container\">\n\t\t\t\t\t<div class=\"elementor-image-box-wrapper\"><div class=\"elementor-image-box-content\"><h3 class=\"elementor-image-box-title\">2 - Transfer\u00eancia de fundos<\/h3><p class=\"elementor-image-box-description\">Clique em \"<b>Transfer<\/b>\" para transferir fundos para sua nova conta. Insira o valor desejado. Lembre-se que a autoriza\u00e7\u00e3o do gestor da conta \u00e9 necess\u00e1ria para que o valor seja depositado. <br><br>Aguarde a aprova\u00e7\u00e3o do gestor da conta. Assim que aprovado, os fundos estar\u00e3o dispon\u00edveis para opera\u00e7\u00e3o.<\/p><\/div><\/div>\t\t\t\t<\/div>\n\t\t\t\t<\/div>\n\t\t\t\t<div class=\"elementor-element elementor-element-c24e1f1 elementor-widget elementor-widget-image\" data-id=\"c24e1f1\" data-element_type=\"widget\" data-widget_type=\"image.default\">\n\t\t\t\t<div class=\"elementor-widget-container\">\n\t\t\t\t\t\t\t\t\t\t\t\t\t\t\t<img decoding=\"async\" width=\"800\" height=\"340\" src=\"https:\/\/305markets.com\/wp-content\/uploads\/2024\/01\/transfer-1-1024x435.png\" class=\"attachment-large size-large wp-image-1804\" alt=\"\" srcset=\"https:\/\/305markets.com\/wp-content\/uploads\/2024\/01\/transfer-1-1024x435.png 1024w, https:\/\/305markets.com\/wp-content\/uploads\/2024\/01\/transfer-1-300x127.png 300w, https:\/\/305markets.com\/wp-content\/uploads\/2024\/01\/transfer-1-768x326.png 768w, https:\/\/305markets.com\/wp-content\/uploads\/2024\/01\/transfer-1-18x8.png 18w, https:\/\/305markets.com\/wp-content\/uploads\/2024\/01\/transfer-1.png 1152w\" sizes=\"(max-width: 800px) 100vw, 800px\" \/>\t\t\t\t\t\t\t\t\t\t\t\t\t\t\t<\/div>\n\t\t\t\t<\/div>\n\t\t\t\t<div class=\"elementor-element elementor-element-8370ace elementor-widget elementor-widget-image-box\" data-id=\"8370ace\" data-element_type=\"widget\" data-widget_type=\"image-box.default\">\n\t\t\t\t<div class=\"elementor-widget-container\">\n\t\t\t\t\t<div class=\"elementor-image-box-wrapper\"><div class=\"elementor-image-box-content\"><h3 class=\"elementor-image-box-title\">3 - Saque de Fundos<\/h3><p class=\"elementor-image-box-description\">Para sacar, v\u00e1 para sua conta MAM e escolha o valor desejado.<br><br>Pe\u00e7a a realiza\u00e7\u00e3o de um Fiat (d\u00f3lar) e fa\u00e7a a transfer\u00eancia. Ap\u00f3s a aprova\u00e7\u00e3o do gestor, o dinheiro ser\u00e1 sacado da conta principal.<\/p><\/div><\/div>\t\t\t\t<\/div>\n\t\t\t\t<\/div>\n\t\t\t\t<div class=\"elementor-element elementor-element-0421a3a elementor-widget elementor-widget-image\" data-id=\"0421a3a\" data-element_type=\"widget\" data-widget_type=\"image.default\">\n\t\t\t\t<div class=\"elementor-widget-container\">\n\t\t\t\t\t\t\t\t\t\t\t\t\t\t\t<img decoding=\"async\" width=\"800\" height=\"681\" src=\"https:\/\/305markets.com\/wp-content\/uploads\/2024\/01\/transfer-2-1024x872.png\" class=\"attachment-large size-large wp-image-1805\" alt=\"\" srcset=\"https:\/\/305markets.com\/wp-content\/uploads\/2024\/01\/transfer-2-1024x872.png 1024w, https:\/\/305markets.com\/wp-content\/uploads\/2024\/01\/transfer-2-300x255.png 300w, https:\/\/305markets.com\/wp-content\/uploads\/2024\/01\/transfer-2-768x654.png 768w, https:\/\/305markets.com\/wp-content\/uploads\/2024\/01\/transfer-2-14x12.png 14w, https:\/\/305markets.com\/wp-content\/uploads\/2024\/01\/transfer-2.png 1152w\" sizes=\"(max-width: 800px) 100vw, 800px\" \/>\t\t\t\t\t\t\t\t\t\t\t\t\t\t\t<\/div>\n\t\t\t\t<\/div>\n\t\t\t\t<div class=\"elementor-element elementor-element-a79dbca elementor-widget elementor-widget-image\" data-id=\"a79dbca\" data-element_type=\"widget\" data-widget_type=\"image.default\">\n\t\t\t\t<div class=\"elementor-widget-container\">\n\t\t\t\t\t\t\t\t\t\t\t\t\t\t\t<img loading=\"lazy\" decoding=\"async\" width=\"800\" height=\"340\" src=\"https:\/\/305markets.com\/wp-content\/uploads\/2024\/01\/transfer-03-1024x435.png\" class=\"attachment-large size-large wp-image-1807\" alt=\"\" srcset=\"https:\/\/305markets.com\/wp-content\/uploads\/2024\/01\/transfer-03-1024x435.png 1024w, https:\/\/305markets.com\/wp-content\/uploads\/2024\/01\/transfer-03-300x127.png 300w, https:\/\/305markets.com\/wp-content\/uploads\/2024\/01\/transfer-03-768x326.png 768w, https:\/\/305markets.com\/wp-content\/uploads\/2024\/01\/transfer-03-18x8.png 18w, https:\/\/305markets.com\/wp-content\/uploads\/2024\/01\/transfer-03.png 1152w\" sizes=\"(max-width: 800px) 100vw, 800px\" \/>\t\t\t\t\t\t\t\t\t\t\t\t\t\t\t<\/div>\n\t\t\t\t<\/div>\n\t\t\t\t<div class=\"elementor-element elementor-element-85aa3b3 elementor-widget elementor-widget-image-box\" data-id=\"85aa3b3\" data-element_type=\"widget\" data-widget_type=\"image-box.default\">\n\t\t\t\t<div class=\"elementor-widget-container\">\n\t\t\t\t\t<div class=\"elementor-image-box-wrapper\"><div class=\"elementor-image-box-content\"><p class=\"elementor-image-box-description\">Todas as transa\u00e7\u00f5es s\u00e3o documentadas por e-mails. Voc\u00ea receber\u00e1 notifica\u00e7\u00f5es de solicita\u00e7\u00f5es de transfer\u00eancia, aprova\u00e7\u00f5es, e outros processos.<\/p><\/div><\/div>\t\t\t\t<\/div>\n\t\t\t\t<\/div>\n\t\t\t\t<div class=\"elementor-element elementor-element-2c03da0 elementor-widget elementor-widget-image-box\" data-id=\"2c03da0\" data-element_type=\"widget\" data-widget_type=\"image-box.default\">\n\t\t\t\t<div class=\"elementor-widget-container\">\n\t\t\t\t\t<div class=\"elementor-image-box-wrapper\"><div class=\"elementor-image-box-content\"><h3 class=\"elementor-image-box-title\">Contato e D\u00favidas<\/h3><p class=\"elementor-image-box-description\">Para d\u00favidas, entre em contato pelo e-mail <b><u>suporte@5305markets.com<\/u><\/b>. A equipe de suporte est\u00e1 pronta para responder \u00e0s suas perguntas.<\/p><\/div><\/div>\t\t\t\t<\/div>\n\t\t\t\t<\/div>\n\t\t\t\t\t<\/div>\n\t\t\t\t<\/div>\n\t\t\t\t\t<\/div>\n\t\t\t\t<\/div>\n\t\t\t\t\t<\/div>\n\t\t\t\t<\/div>\n\t\t\t\t<\/div>","protected":false},"excerpt":{"rendered":"<p>Como transferir e sacar os recursos Confira o passo a passo seguindo o video abaixo: https:\/\/vimeo.com\/856769592\/1aadbab193?share=copy Passo a passo completo: 1 &#8211; Acesso ao Dashboard No dashboard do MetaTrader, v\u00e1 para &#8220;Trading Platforms&#8221; e acesse a plataforma MT5. Se j\u00e1 criou sua conta para opera\u00e7\u00f5es manuais e autom\u00e1ticas, v\u00e1 at\u00e9 a se\u00e7\u00e3o &#8220;MT5&#8221; e acesse [&hellip;]<\/p>","protected":false},"author":7,"featured_media":0,"parent":0,"menu_order":0,"comment_status":"closed","ping_status":"closed","template":"elementor_header_footer","meta":{"footnotes":""},"class_list":["post-1262","page","type-page","status-publish","hentry"],"_links":{"self":[{"href":"https:\/\/305markets.com\/pt\/wp-json\/wp\/v2\/pages\/1262","targetHints":{"allow":["GET"]}}],"collection":[{"href":"https:\/\/305markets.com\/pt\/wp-json\/wp\/v2\/pages"}],"about":[{"href":"https:\/\/305markets.com\/pt\/wp-json\/wp\/v2\/types\/page"}],"author":[{"embeddable":true,"href":"https:\/\/305markets.com\/pt\/wp-json\/wp\/v2\/users\/7"}],"replies":[{"embeddable":true,"href":"https:\/\/305markets.com\/pt\/wp-json\/wp\/v2\/comments?post=1262"}],"version-history":[{"count":26,"href":"https:\/\/305markets.com\/pt\/wp-json\/wp\/v2\/pages\/1262\/revisions"}],"predecessor-version":[{"id":1819,"href":"https:\/\/305markets.com\/pt\/wp-json\/wp\/v2\/pages\/1262\/revisions\/1819"}],"wp:attachment":[{"href":"https:\/\/305markets.com\/pt\/wp-json\/wp\/v2\/media?parent=1262"}],"curies":[{"name":"wp","href":"https:\/\/api.w.org\/{rel}","templated":true}]}}