{"id":1824,"date":"2024-04-24T14:12:41","date_gmt":"2024-04-24T14:12:41","guid":{"rendered":"https:\/\/305markets.com\/?page_id=1824"},"modified":"2024-04-29T13:18:25","modified_gmt":"2024-04-29T13:18:25","slug":"faq-exportar-relatorio-mt5","status":"publish","type":"page","link":"https:\/\/305markets.com\/pt\/faq-exportar-relatorio-mt5\/","title":{"rendered":"FAQ &#8211;  Exportar Relat\u00f3rio MT5"},"content":{"rendered":"<div data-elementor-type=\"wp-page\" data-elementor-id=\"1824\" class=\"elementor elementor-1824\" data-elementor-post-type=\"page\">\n\t\t\t\t<div class=\"elementor-element elementor-element-1d15787 e-flex e-con-boxed e-con e-parent\" data-id=\"1d15787\" data-element_type=\"container\">\n\t\t\t\t\t<div class=\"e-con-inner\">\n\t\t<div class=\"elementor-element elementor-element-6b5a410 e-con-full e-flex e-con e-child\" data-id=\"6b5a410\" data-element_type=\"container\" data-settings=\"{&quot;background_background&quot;:&quot;classic&quot;}\">\n\t\t\t\t<div class=\"elementor-element elementor-element-c562628 elementor-nav-menu--dropdown-none elementor-widget elementor-widget-nav-menu\" data-id=\"c562628\" data-element_type=\"widget\" data-settings=\"{&quot;layout&quot;:&quot;vertical&quot;,&quot;sticky&quot;:&quot;top&quot;,&quot;sticky_offset&quot;:110,&quot;sticky_parent&quot;:&quot;yes&quot;,&quot;sticky_on&quot;:[&quot;desktop&quot;],&quot;submenu_icon&quot;:{&quot;value&quot;:&quot;&lt;svg class=\\&quot;e-font-icon-svg e-fas-caret-down\\&quot; viewBox=\\&quot;0 0 320 512\\&quot; xmlns=\\&quot;http:\\\/\\\/www.w3.org\\\/2000\\\/svg\\&quot;&gt;&lt;path d=\\&quot;M31.3 192h257.3c17.8 0 26.7 21.5 14.1 34.1L174.1 354.8c-7.8 7.8-20.5 7.8-28.3 0L17.2 226.1C4.6 213.5 13.5 192 31.3 192z\\&quot;&gt;&lt;\\\/path&gt;&lt;\\\/svg&gt;&quot;,&quot;library&quot;:&quot;fa-solid&quot;},&quot;sticky_effects_offset&quot;:0,&quot;sticky_anchor_link_offset&quot;:0}\" data-widget_type=\"nav-menu.default\">\n\t\t\t\t<div class=\"elementor-widget-container\">\n\t\t\t\t\t\t\t\t<nav aria-label=\"Menu\" class=\"elementor-nav-menu--main elementor-nav-menu__container elementor-nav-menu--layout-vertical e--pointer-underline e--animation-fade\">\n\t\t\t\t<ul id=\"menu-1-c562628\" class=\"elementor-nav-menu sm-vertical\"><li class=\"menu-item menu-item-type-post_type menu-item-object-page menu-item-1291\"><a href=\"https:\/\/305markets.com\/pt\/faq-cadastro-na-305-markets\/\" class=\"elementor-item\">Cadastro na 305 Markets<\/a><\/li>\n<li class=\"menu-item menu-item-type-post_type menu-item-object-page menu-item-1289\"><a href=\"https:\/\/305markets.com\/pt\/faq-aprovacao-kyc\/\" class=\"elementor-item\">Aprova\u00e7\u00e3o KYC<\/a><\/li>\n<li class=\"menu-item menu-item-type-post_type menu-item-object-page menu-item-1287\"><a href=\"https:\/\/305markets.com\/pt\/faq-como-fazer-depositos\/\" class=\"elementor-item\">Dep\u00f3sitos na Plataforma<\/a><\/li>\n<li class=\"menu-item menu-item-type-post_type menu-item-object-page menu-item-1284\"><a href=\"https:\/\/305markets.com\/pt\/faq-depositando-dinheiro-pelo-celular\/\" class=\"elementor-item\">Dep\u00f3sitos pelo celular<\/a><\/li>\n<li class=\"menu-item menu-item-type-post_type menu-item-object-page menu-item-1285\"><a href=\"https:\/\/305markets.com\/pt\/faq-operacao-conta-propria\/\" class=\"elementor-item\">Opera\u00e7\u00e3o por Conta Pr\u00f3pria<\/a><\/li>\n<li class=\"menu-item menu-item-type-post_type menu-item-object-page menu-item-1290\"><a href=\"https:\/\/305markets.com\/pt\/faq-operacoes-mam\/\" class=\"elementor-item\">Opera\u00e7\u00f5es MAM<\/a><\/li>\n<li class=\"menu-item menu-item-type-post_type menu-item-object-page menu-item-1281\"><a href=\"https:\/\/305markets.com\/pt\/faq-transferencia-e-saques\/\" class=\"elementor-item\">Transfer\u00eancia e Saques<\/a><\/li>\n<li class=\"menu-item menu-item-type-post_type menu-item-object-page menu-item-1282\"><a href=\"https:\/\/305markets.com\/pt\/faq-historico-das-operacoes\/\" class=\"elementor-item\">Hist\u00f3rico\u00a0das\u00a0Opera\u00e7\u00f5es<\/a><\/li>\n<li class=\"menu-item menu-item-type-post_type menu-item-object-page menu-item-1283\"><a href=\"https:\/\/305markets.com\/pt\/faq-trocando-o-seu-dinheiro-por-usdt\/\" class=\"elementor-item\">Trocando dinheiro por USDT<\/a><\/li>\n<li class=\"menu-item menu-item-type-post_type menu-item-object-page menu-item-1288\"><a href=\"https:\/\/305markets.com\/pt\/faq-como-depositar-no-binance\/\" class=\"elementor-item\">Dep\u00f3sito no Binance<\/a><\/li>\n<li class=\"menu-item menu-item-type-post_type menu-item-object-page menu-item-1286\"><a href=\"https:\/\/305markets.com\/pt\/faq-como-fazer-o-cadastro-no-binance\/\" class=\"elementor-item\">Cadastro no Binance<\/a><\/li>\n<li class=\"menu-item menu-item-type-post_type menu-item-object-page menu-item-1365\"><a href=\"https:\/\/305markets.com\/pt\/faq-como-baixar-o-mt5\/\" class=\"elementor-item\">Baixando o MT5<\/a><\/li>\n<li class=\"menu-item menu-item-type-post_type menu-item-object-page menu-item-1371\"><a href=\"https:\/\/305markets.com\/pt\/faq-como-acessar-o-mt5\/\" class=\"elementor-item\">Acessando o MT5<\/a><\/li>\n<li class=\"menu-item menu-item-type-post_type menu-item-object-page menu-item-1863\"><a href=\"https:\/\/305markets.com\/pt\/faq-exportar-relatorio-mt5\/\" class=\"elementor-item\">Exportar Relat\u00f3rio MT5<\/a><\/li>\n<\/ul>\t\t\t<\/nav>\n\t\t\t\t\t\t<nav class=\"elementor-nav-menu--dropdown elementor-nav-menu__container\" aria-hidden=\"true\">\n\t\t\t\t<ul id=\"menu-2-c562628\" class=\"elementor-nav-menu sm-vertical\"><li class=\"menu-item menu-item-type-post_type menu-item-object-page menu-item-1291\"><a href=\"https:\/\/305markets.com\/pt\/faq-cadastro-na-305-markets\/\" class=\"elementor-item\" tabindex=\"-1\">Cadastro na 305 Markets<\/a><\/li>\n<li class=\"menu-item menu-item-type-post_type menu-item-object-page menu-item-1289\"><a href=\"https:\/\/305markets.com\/pt\/faq-aprovacao-kyc\/\" class=\"elementor-item\" tabindex=\"-1\">Aprova\u00e7\u00e3o KYC<\/a><\/li>\n<li class=\"menu-item menu-item-type-post_type menu-item-object-page menu-item-1287\"><a href=\"https:\/\/305markets.com\/pt\/faq-como-fazer-depositos\/\" class=\"elementor-item\" tabindex=\"-1\">Dep\u00f3sitos na Plataforma<\/a><\/li>\n<li class=\"menu-item menu-item-type-post_type menu-item-object-page menu-item-1284\"><a href=\"https:\/\/305markets.com\/pt\/faq-depositando-dinheiro-pelo-celular\/\" class=\"elementor-item\" tabindex=\"-1\">Dep\u00f3sitos pelo celular<\/a><\/li>\n<li class=\"menu-item menu-item-type-post_type menu-item-object-page menu-item-1285\"><a href=\"https:\/\/305markets.com\/pt\/faq-operacao-conta-propria\/\" class=\"elementor-item\" tabindex=\"-1\">Opera\u00e7\u00e3o por Conta Pr\u00f3pria<\/a><\/li>\n<li class=\"menu-item menu-item-type-post_type menu-item-object-page menu-item-1290\"><a href=\"https:\/\/305markets.com\/pt\/faq-operacoes-mam\/\" class=\"elementor-item\" tabindex=\"-1\">Opera\u00e7\u00f5es MAM<\/a><\/li>\n<li class=\"menu-item menu-item-type-post_type menu-item-object-page menu-item-1281\"><a href=\"https:\/\/305markets.com\/pt\/faq-transferencia-e-saques\/\" class=\"elementor-item\" tabindex=\"-1\">Transfer\u00eancia e Saques<\/a><\/li>\n<li class=\"menu-item menu-item-type-post_type menu-item-object-page menu-item-1282\"><a href=\"https:\/\/305markets.com\/pt\/faq-historico-das-operacoes\/\" class=\"elementor-item\" tabindex=\"-1\">Hist\u00f3rico\u00a0das\u00a0Opera\u00e7\u00f5es<\/a><\/li>\n<li class=\"menu-item menu-item-type-post_type menu-item-object-page menu-item-1283\"><a href=\"https:\/\/305markets.com\/pt\/faq-trocando-o-seu-dinheiro-por-usdt\/\" class=\"elementor-item\" tabindex=\"-1\">Trocando dinheiro por USDT<\/a><\/li>\n<li class=\"menu-item menu-item-type-post_type menu-item-object-page menu-item-1288\"><a href=\"https:\/\/305markets.com\/pt\/faq-como-depositar-no-binance\/\" class=\"elementor-item\" tabindex=\"-1\">Dep\u00f3sito no Binance<\/a><\/li>\n<li class=\"menu-item menu-item-type-post_type menu-item-object-page menu-item-1286\"><a href=\"https:\/\/305markets.com\/pt\/faq-como-fazer-o-cadastro-no-binance\/\" class=\"elementor-item\" tabindex=\"-1\">Cadastro no Binance<\/a><\/li>\n<li class=\"menu-item menu-item-type-post_type menu-item-object-page menu-item-1365\"><a href=\"https:\/\/305markets.com\/pt\/faq-como-baixar-o-mt5\/\" class=\"elementor-item\" tabindex=\"-1\">Baixando o MT5<\/a><\/li>\n<li class=\"menu-item menu-item-type-post_type menu-item-object-page menu-item-1371\"><a href=\"https:\/\/305markets.com\/pt\/faq-como-acessar-o-mt5\/\" class=\"elementor-item\" tabindex=\"-1\">Acessando o MT5<\/a><\/li>\n<li class=\"menu-item menu-item-type-post_type menu-item-object-page menu-item-1863\"><a href=\"https:\/\/305markets.com\/pt\/faq-exportar-relatorio-mt5\/\" class=\"elementor-item\" tabindex=\"-1\">Exportar Relat\u00f3rio MT5<\/a><\/li>\n<\/ul>\t\t\t<\/nav>\n\t\t\t\t\t\t<\/div>\n\t\t\t\t<\/div>\n\t\t\t\t<\/div>\n\t\t<div class=\"elementor-element elementor-element-4f0fffd e-flex e-con-boxed e-con e-child\" data-id=\"4f0fffd\" data-element_type=\"container\">\n\t\t\t\t\t<div class=\"e-con-inner\">\n\t\t\t\t<div class=\"elementor-element elementor-element-e2a3d6e elementor-widget__width-inherit elementor-widget elementor-widget-heading\" data-id=\"e2a3d6e\" data-element_type=\"widget\" data-widget_type=\"heading.default\">\n\t\t\t\t<div class=\"elementor-widget-container\">\n\t\t\t\t\t<h2 class=\"elementor-heading-title elementor-size-default\">Exportar Relat\u00f3rio MT5<\/h2>\t\t\t\t<\/div>\n\t\t\t\t<\/div>\n\t\t\t\t<div class=\"elementor-element elementor-element-ff1d4a9 elementor-widget elementor-widget-text-editor\" data-id=\"ff1d4a9\" data-element_type=\"widget\" data-widget_type=\"text-editor.default\">\n\t\t\t\t<div class=\"elementor-widget-container\">\n\t\t\t\t\t\t\t\t\t<p>Confira o passo a passo seguindo o video abaixo:<\/p>\t\t\t\t\t\t\t\t<\/div>\n\t\t\t\t<\/div>\n\t\t\t\t<div class=\"elementor-element elementor-element-1199ce3 elementor-widget__width-initial elementor-widget elementor-widget-video\" data-id=\"1199ce3\" data-element_type=\"widget\" data-settings=\"{&quot;video_type&quot;:&quot;vimeo&quot;,&quot;show_image_overlay&quot;:&quot;yes&quot;,&quot;image_overlay&quot;:{&quot;url&quot;:&quot;http:\\\/\\\/305markets.com\\\/wp-content\\\/uploads\\\/2024\\\/04\\\/photo1713967926.jpeg&quot;,&quot;id&quot;:1826,&quot;size&quot;:&quot;&quot;,&quot;alt&quot;:&quot;&quot;,&quot;source&quot;:&quot;library&quot;}}\" data-widget_type=\"video.default\">\n\t\t\t\t<div class=\"elementor-widget-container\">\n\t\t\t\t\t\t\t<div class=\"elementor-wrapper elementor-open-inline\">\n\t\t\t<iframe class=\"elementor-video-iframe\" allowfullscreen allow=\"clipboard-write\" title=\"Reprodutor de v\u00eddeo de vimeo\" src=\"https:\/\/player.vimeo.com\/video\/938186444?color&amp;autopause=0&amp;loop=0&amp;muted=0&amp;title=0&amp;portrait=0&amp;byline=0&amp;h=0ddbb6b8c7#t=\" data-no-translation-title=\"\"><\/iframe>\t\t\t\t<div class=\"elementor-custom-embed-image-overlay\" style=\"background-image: url(https:\/\/305markets.com\/wp-content\/uploads\/2024\/04\/photo1713967926.jpeg);\">\n\t\t\t\t\t\t\t\t\t\t\t\t\t\t\t\t<div class=\"elementor-custom-embed-play\" role=\"button\" aria-label=\"Reproduzir v\u00eddeo\" tabindex=\"0\" data-no-translation-aria-label=\"\">\n\t\t\t\t\t\t\t<svg aria-hidden=\"true\" class=\"e-font-icon-svg e-eicon-play\" viewbox=\"0 0 1000 1000\" xmlns=\"http:\/\/www.w3.org\/2000\/svg\"><path d=\"M838 162C746 71 633 25 500 25 371 25 258 71 163 162 71 254 25 367 25 500 25 633 71 746 163 837 254 929 367 979 500 979 633 979 746 933 838 837 929 746 975 633 975 500 975 367 929 254 838 162M808 192C892 279 933 379 933 500 933 621 892 725 808 808 725 892 621 938 500 938 379 938 279 896 196 808 113 725 67 621 67 500 67 379 108 279 196 192 279 108 383 62 500 62 621 62 721 108 808 192M438 392V642L642 517 438 392Z\"><\/path><\/svg>\t\t\t\t\t\t<\/div>\n\t\t\t\t\t\t\t\t\t<\/div>\n\t\t\t\t\t<\/div>\n\t\t\t\t\t\t<\/div>\n\t\t\t\t<\/div>\n\t\t<div class=\"elementor-element elementor-element-d59018c e-flex e-con-boxed e-con e-child\" data-id=\"d59018c\" data-element_type=\"container\">\n\t\t\t\t\t<div class=\"e-con-inner\">\n\t\t\t\t<div class=\"elementor-element elementor-element-7a4b257 elementor-widget__width-inherit elementor-widget elementor-widget-heading\" data-id=\"7a4b257\" data-element_type=\"widget\" data-widget_type=\"heading.default\">\n\t\t\t\t<div class=\"elementor-widget-container\">\n\t\t\t\t\t<h2 class=\"elementor-heading-title elementor-size-default\">Passo a passo completo:<\/h2>\t\t\t\t<\/div>\n\t\t\t\t<\/div>\n\t\t\t\t<div class=\"elementor-element elementor-element-5d9b8d0 elementor-widget elementor-widget-image-box\" data-id=\"5d9b8d0\" data-element_type=\"widget\" data-widget_type=\"image-box.default\">\n\t\t\t\t<div class=\"elementor-widget-container\">\n\t\t\t\t\t<div class=\"elementor-image-box-wrapper\"><div class=\"elementor-image-box-content\"><h3 class=\"elementor-image-box-title\">1 - Certifique-se de ter o programa MetaTrader instalado no seu desktop.<\/h3><p class=\"elementor-image-box-description\">Fa\u00e7a o login na sua conta do MetaTrader. Se necess\u00e1rio, consulte um v\u00eddeo de instru\u00e7\u00f5es sobre como fazer isso.<br><br>Ap\u00f3s o login, v\u00e1 para o <b>hist\u00f3rico de opera\u00e7\u00f5es<\/b>, que pode estar localizado na aba \"<b>History<\/b>\" ou equivalente em portugu\u00eas.<\/p><\/div><\/div>\t\t\t\t<\/div>\n\t\t\t\t<\/div>\n\t\t\t\t<div class=\"elementor-element elementor-element-6d459f4 elementor-widget elementor-widget-image\" data-id=\"6d459f4\" data-element_type=\"widget\" data-widget_type=\"image.default\">\n\t\t\t\t<div class=\"elementor-widget-container\">\n\t\t\t\t\t\t\t\t\t\t\t\t\t\t\t<img fetchpriority=\"high\" decoding=\"async\" width=\"434\" height=\"384\" src=\"https:\/\/305markets.com\/wp-content\/uploads\/2024\/04\/EXPORTAR-MT5-1.png\" class=\"attachment-large size-large wp-image-1835\" alt=\"\" srcset=\"https:\/\/305markets.com\/wp-content\/uploads\/2024\/04\/EXPORTAR-MT5-1.png 434w, https:\/\/305markets.com\/wp-content\/uploads\/2024\/04\/EXPORTAR-MT5-1-300x265.png 300w, https:\/\/305markets.com\/wp-content\/uploads\/2024\/04\/EXPORTAR-MT5-1-14x12.png 14w\" sizes=\"(max-width: 434px) 100vw, 434px\" \/>\t\t\t\t\t\t\t\t\t\t\t\t\t\t\t<\/div>\n\t\t\t\t<\/div>\n\t\t\t\t<div class=\"elementor-element elementor-element-47a195a elementor-widget elementor-widget-image-box\" data-id=\"47a195a\" data-element_type=\"widget\" data-widget_type=\"image-box.default\">\n\t\t\t\t<div class=\"elementor-widget-container\">\n\t\t\t\t\t<div class=\"elementor-image-box-wrapper\"><div class=\"elementor-image-box-content\"><h3 class=\"elementor-image-box-title\">2 - Selecione o per\u00edodo para o qual deseja gerar o relat\u00f3rio<\/h3><p class=\"elementor-image-box-description\">Pode ser um per\u00edodo personalizado ou os \u00faltimos tr\u00eas meses, por exemplo.<br><br>Clique com o bot\u00e3o direito e selecione a op\u00e7\u00e3o \"<b>Relat\u00f3rios<\/b>\" e depois \"<b>Overview<\/b>\" ou equivalente.<\/p><\/div><\/div>\t\t\t\t<\/div>\n\t\t\t\t<\/div>\n\t\t\t\t<div class=\"elementor-element elementor-element-4d2e808 elementor-widget elementor-widget-image\" data-id=\"4d2e808\" data-element_type=\"widget\" data-widget_type=\"image.default\">\n\t\t\t\t<div class=\"elementor-widget-container\">\n\t\t\t\t\t\t\t\t\t\t\t\t\t\t\t<img decoding=\"async\" width=\"434\" height=\"384\" src=\"https:\/\/305markets.com\/wp-content\/uploads\/2024\/04\/EXPORTAR-MT5-2.jpg\" class=\"attachment-large size-large wp-image-1849\" alt=\"\" srcset=\"https:\/\/305markets.com\/wp-content\/uploads\/2024\/04\/EXPORTAR-MT5-2.jpg 434w, https:\/\/305markets.com\/wp-content\/uploads\/2024\/04\/EXPORTAR-MT5-2-300x265.jpg 300w, https:\/\/305markets.com\/wp-content\/uploads\/2024\/04\/EXPORTAR-MT5-2-14x12.jpg 14w\" sizes=\"(max-width: 434px) 100vw, 434px\" \/>\t\t\t\t\t\t\t\t\t\t\t\t\t\t\t<\/div>\n\t\t\t\t<\/div>\n\t\t\t\t<div class=\"elementor-element elementor-element-c8cebf2 elementor-widget elementor-widget-image-box\" data-id=\"c8cebf2\" data-element_type=\"widget\" data-widget_type=\"image-box.default\">\n\t\t\t\t<div class=\"elementor-widget-container\">\n\t\t\t\t\t<div class=\"elementor-image-box-wrapper\"><div class=\"elementor-image-box-content\"><h3 class=\"elementor-image-box-title\">3 - Voc\u00ea pode fazer o download em formato PDF.<\/h3><p class=\"elementor-image-box-description\">Abra o relat\u00f3rio para revisar as informa\u00e7\u00f5es, que incluir\u00e3o detalhes como o nome da conta, da corretora, rendimentos acumulados, investimentos totais, dep\u00f3sitos, saques, evolu\u00e7\u00e3o da conta, saldo atual e outras informa\u00e7\u00f5es relevantes.<\/p><\/div><\/div>\t\t\t\t<\/div>\n\t\t\t\t<\/div>\n\t\t\t\t<div class=\"elementor-element elementor-element-295ef3d elementor-widget elementor-widget-image\" data-id=\"295ef3d\" data-element_type=\"widget\" data-widget_type=\"image.default\">\n\t\t\t\t<div class=\"elementor-widget-container\">\n\t\t\t\t\t\t\t\t\t\t\t\t\t\t\t<img decoding=\"async\" width=\"434\" height=\"290\" src=\"https:\/\/305markets.com\/wp-content\/uploads\/2024\/04\/EXPORTAR-MT5-3.jpg\" class=\"attachment-large size-large wp-image-1854\" alt=\"\" srcset=\"https:\/\/305markets.com\/wp-content\/uploads\/2024\/04\/EXPORTAR-MT5-3.jpg 434w, https:\/\/305markets.com\/wp-content\/uploads\/2024\/04\/EXPORTAR-MT5-3-300x200.jpg 300w, https:\/\/305markets.com\/wp-content\/uploads\/2024\/04\/EXPORTAR-MT5-3-18x12.jpg 18w\" sizes=\"(max-width: 434px) 100vw, 434px\" \/>\t\t\t\t\t\t\t\t\t\t\t\t\t\t\t<\/div>\n\t\t\t\t<\/div>\n\t\t\t\t<div class=\"elementor-element elementor-element-4a4e282 elementor-widget elementor-widget-image-box\" data-id=\"4a4e282\" data-element_type=\"widget\" data-widget_type=\"image-box.default\">\n\t\t\t\t<div class=\"elementor-widget-container\">\n\t\t\t\t\t<div class=\"elementor-image-box-wrapper\"><div class=\"elementor-image-box-content\"><h3 class=\"elementor-image-box-title\">4 - Gerar o relat\u00f3rio em formato HTML<\/h3><p class=\"elementor-image-box-description\">Caso prefira, tamb\u00e9m \u00e9 poss\u00edvel gerar o relat\u00f3rio em formato HTML, que mostrar\u00e1 as opera\u00e7\u00f5es individualmente.<br><br>Imprima ou salve o relat\u00f3rio em PDF conforme necess\u00e1rio para apresent\u00e1-lo ao banco, investidores ou para fins de presta\u00e7\u00e3o de contas, como \u00e0 Receita Federal.<\/p><\/div><\/div>\t\t\t\t<\/div>\n\t\t\t\t<\/div>\n\t\t\t\t<div class=\"elementor-element elementor-element-ffb731f elementor-widget elementor-widget-image\" data-id=\"ffb731f\" data-element_type=\"widget\" data-widget_type=\"image.default\">\n\t\t\t\t<div class=\"elementor-widget-container\">\n\t\t\t\t\t\t\t\t\t\t\t\t\t\t\t<img loading=\"lazy\" decoding=\"async\" width=\"434\" height=\"340\" src=\"https:\/\/305markets.com\/wp-content\/uploads\/2024\/04\/EXPORTAR-MT5-4.jpg\" class=\"attachment-large size-large wp-image-1859\" alt=\"\" srcset=\"https:\/\/305markets.com\/wp-content\/uploads\/2024\/04\/EXPORTAR-MT5-4.jpg 434w, https:\/\/305markets.com\/wp-content\/uploads\/2024\/04\/EXPORTAR-MT5-4-300x235.jpg 300w, https:\/\/305markets.com\/wp-content\/uploads\/2024\/04\/EXPORTAR-MT5-4-15x12.jpg 15w\" sizes=\"(max-width: 434px) 100vw, 434px\" \/>\t\t\t\t\t\t\t\t\t\t\t\t\t\t\t<\/div>\n\t\t\t\t<\/div>\n\t\t\t\t<div class=\"elementor-element elementor-element-603f959 elementor-widget elementor-widget-image-box\" data-id=\"603f959\" data-element_type=\"widget\" data-widget_type=\"image-box.default\">\n\t\t\t\t<div class=\"elementor-widget-container\">\n\t\t\t\t\t<div class=\"elementor-image-box-wrapper\"><div class=\"elementor-image-box-content\"><p class=\"elementor-image-box-description\">Pronto! Com este passo a passo, voc\u00ea poder\u00e1 facilmente gerar relat\u00f3rios a partir do MetaTrader para diversos fins.<\/p><\/div><\/div>\t\t\t\t<\/div>\n\t\t\t\t<\/div>\n\t\t\t\t\t<\/div>\n\t\t\t\t<\/div>\n\t\t\t\t\t<\/div>\n\t\t\t\t<\/div>\n\t\t\t\t\t<\/div>\n\t\t\t\t<\/div>\n\t\t\t\t<\/div>","protected":false},"excerpt":{"rendered":"<p>Exportar Relat\u00f3rio MT5 Confira o passo a passo seguindo o video abaixo: https:\/\/vimeo.com\/938186444\/0ddbb6b8c7?share=copy Passo a passo completo: 1 &#8211; Certifique-se de ter o programa MetaTrader instalado no seu desktop. Fa\u00e7a o login na sua conta do MetaTrader. Se necess\u00e1rio, consulte um v\u00eddeo de instru\u00e7\u00f5es sobre como fazer isso. Ap\u00f3s o login, v\u00e1 para o hist\u00f3rico [&hellip;]<\/p>","protected":false},"author":7,"featured_media":0,"parent":0,"menu_order":0,"comment_status":"closed","ping_status":"closed","template":"elementor_header_footer","meta":{"footnotes":""},"class_list":["post-1824","page","type-page","status-publish","hentry"],"_links":{"self":[{"href":"https:\/\/305markets.com\/pt\/wp-json\/wp\/v2\/pages\/1824","targetHints":{"allow":["GET"]}}],"collection":[{"href":"https:\/\/305markets.com\/pt\/wp-json\/wp\/v2\/pages"}],"about":[{"href":"https:\/\/305markets.com\/pt\/wp-json\/wp\/v2\/types\/page"}],"author":[{"embeddable":true,"href":"https:\/\/305markets.com\/pt\/wp-json\/wp\/v2\/users\/7"}],"replies":[{"embeddable":true,"href":"https:\/\/305markets.com\/pt\/wp-json\/wp\/v2\/comments?post=1824"}],"version-history":[{"count":34,"href":"https:\/\/305markets.com\/pt\/wp-json\/wp\/v2\/pages\/1824\/revisions"}],"predecessor-version":[{"id":1869,"href":"https:\/\/305markets.com\/pt\/wp-json\/wp\/v2\/pages\/1824\/revisions\/1869"}],"wp:attachment":[{"href":"https:\/\/305markets.com\/pt\/wp-json\/wp\/v2\/media?parent=1824"}],"curies":[{"name":"wp","href":"https:\/\/api.w.org\/{rel}","templated":true}]}}